{"id":77,"date":"2014-05-29T16:58:14","date_gmt":"2014-05-29T14:58:14","guid":{"rendered":"http:\/\/www.kindergarten-lenauweg.de\/?page_id=77"},"modified":"2016-03-02T12:12:43","modified_gmt":"2016-03-02T10:12:43","slug":"informationen-fuer-eltern","status":"publish","type":"page","link":"https:\/\/www.kindergarten-lenauweg.de\/?page_id=77","title":{"rendered":"Informationen f\u00fcr Eltern"},"content":{"rendered":"<p><strong>Notruf<\/strong><img loading=\"lazy\" decoding=\"async\" class=\"alignright\" src=\"http:\/\/www.clipartbilder.com\/wp-content\/uploads\/2014\/05\/telephon3.png\" alt=\"http:\/\/www.clipartbilder.com\/wp-content\/uploads\/2014\/05\/telephon3.png\" width=\"45\" height=\"45\" \/><br \/>\nAchten Sie darauf, dass immer Ihre aktuelle Telefonnummer (Arbeitsstelle\/ Privatnummer\/\u00a0Handynummer) der Einrichtung vorliegt, damit wir Sie im Notfall erreichen k\u00f6nnen.<\/p>\n<p><strong>Aufsichtspflicht<\/strong><br \/>\nDie Aufsichtspflicht beginnt mit der \u00dcbergabe des Kindes an eine der Erzieherinnen. Die Aufsichtspflicht endet mit der \u00dcbergabe des Kindes an eine erziehungsberechtigte Person.<\/p>\n<p><strong>Bringzeit<\/strong><br \/>\nAlle Kinder m\u00fcssen bis 9.00 Uhr im Kindergarten sein.<\/p>\n<p><strong>Essen<\/strong><img loading=\"lazy\" decoding=\"async\" class=\"alignleft\" src=\"http:\/\/outdoorcamp.de\/wp-content\/uploads\/2012\/03\/obst.jpg\" alt=\"http:\/\/outdoorcamp.de\/wp-content\/uploads\/2012\/03\/obst.jpg\" width=\"76\" height=\"49\" \/><br \/>\nWir praktizieren vormittags das \u201efreie Fr\u00fchst\u00fcck\u201c. Kinder k\u00f6nnen den Zeitpunkt ihres Fr\u00fchst\u00fcckes dabei frei w\u00e4hlen.<\/p>\n<p><strong>Gummistiefel\/ Hausschuhe<a href=\"https:\/\/www.kindergarten-lenauweg.de\/?attachment_id=258\" rel=\"attachment wp-att-258\"><img loading=\"lazy\" decoding=\"async\" class=\"wp-image-258 alignright\" src=\"https:\/\/www.kindergarten-lenauweg.de\/wp-content\/uploads\/2014\/09\/IMG_1057-200x300.jpg\" alt=\"IMG_1057\" width=\"86\" height=\"122\" \/><\/a><\/strong><br \/>\nDa wir auch bei Regenwetter nach drau\u00dfen gehen, k\u00f6nnen Sie Gummistiefel, Regenjacke und Regenhose f\u00fcr Ihr Kind im Kindergarten lagern. In den Gruppenr\u00e4umen besteht Hausschuhpflicht. Bitte bringen Sie f\u00fcr Ihr Kind Hausschuhe mit. Die Schuhe bleiben dann im Kindergarten.<\/p>\n<p><strong><img loading=\"lazy\" decoding=\"async\" class=\"transparent alignleft\" src=\"http:\/\/liebeschenken.net\/wp-content\/uploads\/2014\/06\/Glueckwuensche-zum-Geburtstag.png\" alt=\"http:\/\/liebeschenken.net\/wp-content\/uploads\/2014\/06\/Glueckwuensche-zum-Geburtstag.png\" width=\"83\" height=\"61\" \/><\/strong><strong>Geburtstage<\/strong><br \/>\nWir feiern jeden Geburtstag ihres Kindes im Kindergarten. Bitte sprechen Sie das Personal der jeweiligen Gruppe zwecks Essen und Feier an.<\/p>\n<p><strong>Informationen<\/strong><br \/>\nWichtige Informationen k\u00f6nnen Sie der Terminliste, den Elternbriefen (Briefk\u00e4sten mit L\u00f6chern neben der jeweiligen Gruppent\u00fcr) oder den Aush\u00e4ngen an der Eingangst\u00fcre entnehmen.<\/p>\n<p><strong>Probleme<\/strong><br \/>\nWenn Probleme mit Ihrem Kind oder Unstimmigkeiten mit dem Kindergarten auftreten, sind wir jederzeit gerne bereit, mit Ihnen gemeinsam nach L\u00f6sungen zu suchen.<\/p>\n<p><strong>Wasserspielanlage<\/strong><br \/>\nAn hei\u00dfen Tagen ist unsere Wasserspielanlage in Betrieb. Bitte geben Sie Ihrem Kind eine Badehose\/ Badeanzug und Handtuch in einem Beutel mit, den sie an den Kleiderhaken Ihres Kindes h\u00e4ngen k\u00f6nnen.<\/p>\n<p><strong>Kleidung<\/strong><br \/>\nBitte ziehen Sie Ihrem Kind bequeme Kleidung an. Bedenken Sie dabei, dass wir uns so oft wie m\u00f6glich im Freien aufhalten und die Kleidung auch schmutzig werden kann. Bei schlechtem Wetter denken Sie bitte an Regenbekleidung.<br \/>\nAn Waldtagen oder Spazierg\u00e4ngen denken Sie bitte an entsprechende Kleidung, wie festes Schuhwerk und geeignete Schutz vor Zecken oder Steckm\u00fccken.<\/p>\n<p><strong>Krankheit<img loading=\"lazy\" decoding=\"async\" class=\"alignright\" src=\"http:\/\/www.bibel.com\/images\/images_popup\/erste-hilfe-teddy.jpg\" alt=\"http:\/\/www.bibel.com\/images\/images_popup\/erste-hilfe-teddy.jpg\" width=\"138\" height=\"100\" \/><\/strong><br \/>\nWenn Ihr Kind eine ansteckende Krankheit (L\u00e4use, Windpocken, R\u00f6teln, Scharlach, Mumps etc.) hat, muss es zu Hause bleiben. Bitte benachrichtigen Sie telefonisch den Kindergarten bei Krankheit Ihres Kindes. Ebenso informieren Sie uns bitte bei Allergien Ihres Kindes.<\/p>\n<p><strong>Versicherungen<\/strong><br \/>\nNach den derzeitig gesetzlichen Bestimmungen sind Kinder gegen Unf\u00e4lle auf dem direkten Weg zur und von der Einrichtung w\u00e4hrend des Aufenthalts in der Einrichtung an allen offiziellen Veranstaltungen des Kindergartens versichert. Wenn ein Unfall in dieser Zeit passiert, ist es notwendig, dass Sie dies dem Kindergarten weitergeben.<\/p>\n<p><strong>\u00a0\u00a0\u00a0\u00a0\u00a0\u00a0\u00a0\u00a0\u00a0\u00a0\u00a0\u00a0\u00a0\u00a0\u00a0\u00a0\u00a0\u00a0\u00a0\u00a0\u00a0\u00a0\u00a0 Zecken<\/strong><br \/>\nEs ist<strong><img loading=\"lazy\" decoding=\"async\" class=\"alignleft\" src=\"http:\/\/www.lifeline.de\/img\/zecken\/origs100716\/820695482-w830-h830\/zecke.jpg\" alt=\"http:\/\/www.lifeline.de\/img\/zecken\/origs100716\/820695482-w830-h830\/zecke.jpg\" width=\"59\" height=\"57\" \/><\/strong> dringend notwendig, nach einem Waldaufenthalt Ihr Kind gr\u00fcndlich nach Zeckenbefall zu untersuchen. Nur so k\u00f6nnen Sie vermeiden, dass sich eine Zecke festsetzt. Bei Zeckenbefall sollten Sie einen Arzt aufsuchen.<\/p>\n<p><strong>Bienen- und Wespenstiche<\/strong><br \/>\nBei allergischen Reaktionen bei Bienen- und Wespenstichen ist die Kindergartenleitung zu informieren.<\/p>\n","protected":false},"excerpt":{"rendered":"<p>Notruf Achten Sie darauf, dass immer Ihre aktuelle Telefonnummer (Arbeitsstelle\/ Privatnummer\/\u00a0Handynummer) der Einrichtung vorliegt, damit wir Sie im Notfall erreichen k\u00f6nnen. Aufsichtspflicht Die Aufsichtspflicht beginnt mit der \u00dcbergabe des Kindes an eine der Erzieherinnen. Die Aufsichtspflicht endet mit der \u00dcbergabe des Kindes an eine erziehungsberechtigte Person. Bringzeit Alle Kinder m\u00fcssen bis 9.00 Uhr im Kindergarten &hellip; <a href=\"https:\/\/www.kindergarten-lenauweg.de\/?page_id=77\" class=\"more-link\"><span class=\"screen-reader-text\">Informationen f\u00fcr Eltern<\/span> weiterlesen <span class=\"meta-nav\">&rarr;<\/span><\/a><\/p>\n","protected":false},"author":1,"featured_media":0,"parent":26,"menu_order":3,"comment_status":"closed","ping_status":"open","template":"","meta":{"footnotes":""},"class_list":["post-77","page","type-page","status-publish","hentry"],"_links":{"self":[{"href":"https:\/\/www.kindergarten-lenauweg.de\/index.php?rest_route=\/wp\/v2\/pages\/77","targetHints":{"allow":["GET"]}}],"collection":[{"href":"https:\/\/www.kindergarten-lenauweg.de\/index.php?rest_route=\/wp\/v2\/pages"}],"about":[{"href":"https:\/\/www.kindergarten-lenauweg.de\/index.php?rest_route=\/wp\/v2\/types\/page"}],"author":[{"embeddable":true,"href":"https:\/\/www.kindergarten-lenauweg.de\/index.php?rest_route=\/wp\/v2\/users\/1"}],"replies":[{"embeddable":true,"href":"https:\/\/www.kindergarten-lenauweg.de\/index.php?rest_route=%2Fwp%2Fv2%2Fcomments&post=77"}],"version-history":[{"count":5,"href":"https:\/\/www.kindergarten-lenauweg.de\/index.php?rest_route=\/wp\/v2\/pages\/77\/revisions"}],"predecessor-version":[{"id":409,"href":"https:\/\/www.kindergarten-lenauweg.de\/index.php?rest_route=\/wp\/v2\/pages\/77\/revisions\/409"}],"up":[{"embeddable":true,"href":"https:\/\/www.kindergarten-lenauweg.de\/index.php?rest_route=\/wp\/v2\/pages\/26"}],"wp:attachment":[{"href":"https:\/\/www.kindergarten-lenauweg.de\/index.php?rest_route=%2Fwp%2Fv2%2Fmedia&parent=77"}],"curies":[{"name":"wp","href":"https:\/\/api.w.org\/{rel}","templated":true}]}}