{"id":73,"date":"2014-05-29T16:57:47","date_gmt":"2014-05-29T14:57:47","guid":{"rendered":"http:\/\/www.kindergarten-lenauweg.de\/?page_id=73"},"modified":"2020-02-25T11:27:22","modified_gmt":"2020-02-25T09:27:22","slug":"zusammenarbeit-mit-den-eltern","status":"publish","type":"page","link":"https:\/\/www.kindergarten-lenauweg.de\/?page_id=73","title":{"rendered":"Elternarbeit"},"content":{"rendered":"<p><strong>Bildungs- und Erziehungspartnerschaft<\/strong><br \/>\nF\u00fcr ein wertvolles p\u00e4dagogisches Arbeiten ist die gute Zusammenarbeit mit den Eltern von zentraler Bedeutung. Die Eltern geben ihre Kinder in die Obhut der Erzieherinnen und in die Angebote der Einrichtung.<\/p>\n<p><strong>Bereiche der Elternarbeit:<\/strong><\/p>\n<ul>\n<li>Regelm\u00e4\u00dfige Elternabende<\/li>\n<li>Gespr\u00e4che und Informationen<br \/>\n&#8211; T\u00fcr und Angelgespr\u00e4che<br \/>\n&#8211; regelm\u00e4\u00dfige Elterngespr\u00e4che und Entwicklungsgespr\u00e4che<br \/>\n&#8211; Elternbriefe<\/li>\n<li>Infow\u00e4nde und Flurgestaltung<\/li>\n<li>j\u00e4hrliche Elternumfrage zur Qualit\u00e4tssicherung<\/li>\n<li>Gemeinsame Feste und Veranstaltungen<\/li>\n<li>Elternbeirat<\/li>\n<li>F\u00f6rderverein<\/li>\n<\/ul>\n","protected":false},"excerpt":{"rendered":"<p>Bildungs- und Erziehungspartnerschaft F\u00fcr ein wertvolles p\u00e4dagogisches Arbeiten ist die gute Zusammenarbeit mit den Eltern von zentraler Bedeutung. Die Eltern geben ihre Kinder in die Obhut der Erzieherinnen und in die Angebote der Einrichtung. Bereiche der Elternarbeit: Regelm\u00e4\u00dfige Elternabende Gespr\u00e4che und Informationen &#8211; T\u00fcr und Angelgespr\u00e4che &#8211; regelm\u00e4\u00dfige Elterngespr\u00e4che und Entwicklungsgespr\u00e4che &#8211; Elternbriefe Infow\u00e4nde und &hellip; <a href=\"https:\/\/www.kindergarten-lenauweg.de\/?page_id=73\" class=\"more-link\"><span class=\"screen-reader-text\">Elternarbeit<\/span> weiterlesen <span class=\"meta-nav\">&rarr;<\/span><\/a><\/p>\n","protected":false},"author":1,"featured_media":0,"parent":26,"menu_order":1,"comment_status":"closed","ping_status":"open","template":"","meta":{"footnotes":""},"class_list":["post-73","page","type-page","status-publish","hentry"],"_links":{"self":[{"href":"https:\/\/www.kindergarten-lenauweg.de\/index.php?rest_route=\/wp\/v2\/pages\/73","targetHints":{"allow":["GET"]}}],"collection":[{"href":"https:\/\/www.kindergarten-lenauweg.de\/index.php?rest_route=\/wp\/v2\/pages"}],"about":[{"href":"https:\/\/www.kindergarten-lenauweg.de\/index.php?rest_route=\/wp\/v2\/types\/page"}],"author":[{"embeddable":true,"href":"https:\/\/www.kindergarten-lenauweg.de\/index.php?rest_route=\/wp\/v2\/users\/1"}],"replies":[{"embeddable":true,"href":"https:\/\/www.kindergarten-lenauweg.de\/index.php?rest_route=%2Fwp%2Fv2%2Fcomments&post=73"}],"version-history":[{"count":5,"href":"https:\/\/www.kindergarten-lenauweg.de\/index.php?rest_route=\/wp\/v2\/pages\/73\/revisions"}],"predecessor-version":[{"id":614,"href":"https:\/\/www.kindergarten-lenauweg.de\/index.php?rest_route=\/wp\/v2\/pages\/73\/revisions\/614"}],"up":[{"embeddable":true,"href":"https:\/\/www.kindergarten-lenauweg.de\/index.php?rest_route=\/wp\/v2\/pages\/26"}],"wp:attachment":[{"href":"https:\/\/www.kindergarten-lenauweg.de\/index.php?rest_route=%2Fwp%2Fv2%2Fmedia&parent=73"}],"curies":[{"name":"wp","href":"https:\/\/api.w.org\/{rel}","templated":true}]}}