{"id":69,"date":"2014-05-29T16:57:05","date_gmt":"2014-05-29T14:57:05","guid":{"rendered":"http:\/\/www.kindergarten-lenauweg.de\/?page_id=69"},"modified":"2016-03-02T13:06:27","modified_gmt":"2016-03-02T11:06:27","slug":"kooperationen","status":"publish","type":"page","link":"https:\/\/www.kindergarten-lenauweg.de\/?page_id=69","title":{"rendered":"Kooperationen"},"content":{"rendered":"<p>Im Kindergarten legen wir Wert auf Zusammenarbeit mit anderen Institutionen. Dadurch k\u00f6nnen die Kinder bestm\u00f6glich und in ihrer gesamten Entwicklung unterst\u00fctzt werden. Hierbei ist es von gro\u00dfer Bedeutung, dass Eltern, Fachleute sowie Erzieher kooperieren und die weiteren Schritte des Kindes begleiten.<\/p>\n<p><img loading=\"lazy\" decoding=\"async\" class=\"aligncenter wp-image-108 size-full\" src=\"https:\/\/www.kindergarten-lenauweg.de\/wp-content\/uploads\/2014\/05\/Partnerschaft.jpg\" alt=\"Partnerschaft\" width=\"591\" height=\"542\" srcset=\"https:\/\/www.kindergarten-lenauweg.de\/wp-content\/uploads\/2014\/05\/Partnerschaft.jpg 591w, https:\/\/www.kindergarten-lenauweg.de\/wp-content\/uploads\/2014\/05\/Partnerschaft-300x275.jpg 300w, https:\/\/www.kindergarten-lenauweg.de\/wp-content\/uploads\/2014\/05\/Partnerschaft-327x300.jpg 327w\" sizes=\"auto, (max-width: 591px) 100vw, 591px\" \/><\/p>\n<p>&nbsp;<\/p>\n","protected":false},"excerpt":{"rendered":"<p>Im Kindergarten legen wir Wert auf Zusammenarbeit mit anderen Institutionen. Dadurch k\u00f6nnen die Kinder bestm\u00f6glich und in ihrer gesamten Entwicklung unterst\u00fctzt werden. Hierbei ist es von gro\u00dfer Bedeutung, dass Eltern, Fachleute sowie Erzieher kooperieren und die weiteren Schritte des Kindes begleiten. &nbsp;<\/p>\n","protected":false},"author":1,"featured_media":0,"parent":24,"menu_order":6,"comment_status":"closed","ping_status":"open","template":"","meta":{"footnotes":""},"class_list":["post-69","page","type-page","status-publish","hentry"],"_links":{"self":[{"href":"https:\/\/www.kindergarten-lenauweg.de\/index.php?rest_route=\/wp\/v2\/pages\/69","targetHints":{"allow":["GET"]}}],"collection":[{"href":"https:\/\/www.kindergarten-lenauweg.de\/index.php?rest_route=\/wp\/v2\/pages"}],"about":[{"href":"https:\/\/www.kindergarten-lenauweg.de\/index.php?rest_route=\/wp\/v2\/types\/page"}],"author":[{"embeddable":true,"href":"https:\/\/www.kindergarten-lenauweg.de\/index.php?rest_route=\/wp\/v2\/users\/1"}],"replies":[{"embeddable":true,"href":"https:\/\/www.kindergarten-lenauweg.de\/index.php?rest_route=%2Fwp%2Fv2%2Fcomments&post=69"}],"version-history":[{"count":6,"href":"https:\/\/www.kindergarten-lenauweg.de\/index.php?rest_route=\/wp\/v2\/pages\/69\/revisions"}],"predecessor-version":[{"id":412,"href":"https:\/\/www.kindergarten-lenauweg.de\/index.php?rest_route=\/wp\/v2\/pages\/69\/revisions\/412"}],"up":[{"embeddable":true,"href":"https:\/\/www.kindergarten-lenauweg.de\/index.php?rest_route=\/wp\/v2\/pages\/24"}],"wp:attachment":[{"href":"https:\/\/www.kindergarten-lenauweg.de\/index.php?rest_route=%2Fwp%2Fv2%2Fmedia&parent=69"}],"curies":[{"name":"wp","href":"https:\/\/api.w.org\/{rel}","templated":true}]}}