{"id":659,"date":"2020-02-25T15:49:43","date_gmt":"2020-02-25T13:49:43","guid":{"rendered":"http:\/\/www.kindergarten-lenauweg.de\/?page_id=659"},"modified":"2023-06-26T11:21:42","modified_gmt":"2023-06-26T09:21:42","slug":"traeger-geschichte-2","status":"publish","type":"page","link":"https:\/\/www.kindergarten-lenauweg.de\/?page_id=659","title":{"rendered":"Tr\u00e4ger \/ Geschichte"},"content":{"rendered":"\n<div class=\"wp-block-group\"><div class=\"wp-block-group__inner-container is-layout-flow wp-block-group-is-layout-flow\">\n<h2 class=\"rich-text editor-rich-text__editable block-editor-rich-text__editable is-selected\" role=\"textbox\" contenteditable=\"true\" aria-multiline=\"true\" aria-label=\"Schreib eine \u00dcberschrift\u2026\">Tr\u00e4ger<\/h2>\n<p>Unser Kindergarten im Lenauweg steht unter der Tr\u00e4gerschaft der evangelischen Kirchengemeinde St. Gumbertus in Ansbach, vertreten durch Frau Pfarrerin Knoch.<\/p>\n<p>Kontakt: <br data-rich-text-line-break=\"true\" \/>Evangelische Kirchengemeinde St. Gumbertus<br data-rich-text-line-break=\"true\" \/>Johann-Sebastian-Bach-Platz 5<br data-rich-text-line-break=\"true\" \/>91522 Ansbach<br data-rich-text-line-break=\"true\" \/><br data-rich-text-line-break=\"true\" \/>Telefon: 0981\/ 2681<br data-rich-text-line-break=\"true\" \/>E-Mail: pfarramtsbuero@gumbertus.de<br data-rich-text-line-break=\"true\" \/>Internet: www.gumbertus.de<\/p>\n<hr \/>\n<h2>Geschichte<\/h2>\n<p>Von der Evangelischen Gesamtkirchenverwaltung wurde in den Jahren 1964\/1965 ein zweigruppiger Kindergarten mit Gemeindesaal und Personalwohnung als Flachbau geplant, gebaut und 1966 fertig gestellt.<br \/>Die Tr\u00e4gerschaft des Kindergartens \u00fcbernahm die evangelische Kirchengemeinde St. Gumberstus, in deren Sprengel sich der Kindergarten befindet. Am 11. Juli 1966 kamen die ersten Kinder in den Kindergarten und alle vorgesehenen 60 Pl\u00e4tze waren mit 3-5 j\u00e4hrigen Kindern belegt.<\/p>\n<p>Vom Herrn Kirchenrat R\u00fcdel, dem 1. Pfarrer von St. Gumbertus und gleichzeitig Sprengelpfarrer und somit Tr\u00e4gervertreter, wurden am 1. Oktober das Geb\u00e4ude feierlich eingeweiht und die Arbeit in den R\u00e4umen unter den Segen Gottes gestellt.<\/p>\n<p>Nach vielen \u00dcberlegungen und Planungen begann im Mai 1992 der Neubau des Kindergartens Lenauweg. Das gesamte &#8222;bewegliche Inventar&#8220; des Kindergartens siedelte um und f\u00fchlte sich wohl im alten Kindergarten in Hennenbach. Das Personal begleitete zwei Jahre lang intensiv die Bauphase. Ende M\u00e4rz 1994 begann der erste Kindergartentag in den neuen R\u00e4umen. Mit dem Neubau \u00e4nderte sich auch die Anzahl der Gruppen und Kinder. Seit April 1994 werden 75 Kinder in drei Gruppen betreut. <br \/>Im Jahr 2011 wurde am Nachmittag eine Minim\u00e4usegruppe eingerichtet, die Kinder im Alter von 2 -3 Jahren betreut. Die Gruppe findet Montag bis Donnerstag von 14:00 Uhr bis 16:30 Uhr statt.<\/p>\n<p>Wie schon beim &#8222;alten&#8220; Kindergarten wurde auch das neue Geb\u00e4ude als &#8222;Gemeindezentrum&#8220; geplant und gebaut, mit Kindergarten und Gemeinder\u00e4umen. <br \/>Den Gemeindesaal kann der Kindergarten bei Elternabenden, Veranstaltungen, Festen usw. belegen, was eine gro\u00dfe Bereicherung f\u00fcr unsere Arbeit bedeutet&#8230;.<\/p>\n<p>\u00a0<\/p>\n<\/div><\/div>\n","protected":false},"excerpt":{"rendered":"<p>Tr\u00e4ger Unser Kindergarten im Lenauweg steht unter der Tr\u00e4gerschaft der evangelischen Kirchengemeinde St. Gumbertus in Ansbach, vertreten durch Frau Pfarrerin Knoch. Kontakt: Evangelische Kirchengemeinde St. GumbertusJohann-Sebastian-Bach-Platz 591522 AnsbachTelefon: 0981\/ 2681E-Mail: pfarramtsbuero@gumbertus.deInternet: www.gumbertus.de Geschichte Von der Evangelischen Gesamtkirchenverwaltung wurde in den Jahren 1964\/1965 ein zweigruppiger Kindergarten mit Gemeindesaal und Personalwohnung als Flachbau geplant, gebaut und 1966 &hellip; <a href=\"https:\/\/www.kindergarten-lenauweg.de\/?page_id=659\" class=\"more-link\"><span class=\"screen-reader-text\">Tr\u00e4ger \/ Geschichte<\/span> weiterlesen <span class=\"meta-nav\">&rarr;<\/span><\/a><\/p>\n","protected":false},"author":2,"featured_media":0,"parent":0,"menu_order":0,"comment_status":"closed","ping_status":"closed","template":"","meta":{"footnotes":""},"class_list":["post-659","page","type-page","status-publish","hentry"],"_links":{"self":[{"href":"https:\/\/www.kindergarten-lenauweg.de\/index.php?rest_route=\/wp\/v2\/pages\/659","targetHints":{"allow":["GET"]}}],"collection":[{"href":"https:\/\/www.kindergarten-lenauweg.de\/index.php?rest_route=\/wp\/v2\/pages"}],"about":[{"href":"https:\/\/www.kindergarten-lenauweg.de\/index.php?rest_route=\/wp\/v2\/types\/page"}],"author":[{"embeddable":true,"href":"https:\/\/www.kindergarten-lenauweg.de\/index.php?rest_route=\/wp\/v2\/users\/2"}],"replies":[{"embeddable":true,"href":"https:\/\/www.kindergarten-lenauweg.de\/index.php?rest_route=%2Fwp%2Fv2%2Fcomments&post=659"}],"version-history":[{"count":10,"href":"https:\/\/www.kindergarten-lenauweg.de\/index.php?rest_route=\/wp\/v2\/pages\/659\/revisions"}],"predecessor-version":[{"id":1390,"href":"https:\/\/www.kindergarten-lenauweg.de\/index.php?rest_route=\/wp\/v2\/pages\/659\/revisions\/1390"}],"wp:attachment":[{"href":"https:\/\/www.kindergarten-lenauweg.de\/index.php?rest_route=%2Fwp%2Fv2%2Fmedia&parent=659"}],"curies":[{"name":"wp","href":"https:\/\/api.w.org\/{rel}","templated":true}]}}