{"id":57,"date":"2014-05-29T16:55:10","date_gmt":"2014-05-29T14:55:10","guid":{"rendered":"http:\/\/www.kindergarten-lenauweg.de\/?page_id=57"},"modified":"2025-10-13T16:02:06","modified_gmt":"2025-10-13T14:02:06","slug":"anmeldungaufnahme","status":"publish","type":"page","link":"https:\/\/www.kindergarten-lenauweg.de\/?page_id=57","title":{"rendered":"Anmeldung\/Aufnahme"},"content":{"rendered":"<p>Voranmeldungen k\u00f6nnen digital oder schriftlich erfolgen. F\u00fcr die digitale Voranmeldung k\u00f6nnen Sie sich bei mykitavm Ansbach anmelden und wir erhalten Ihre Anmeldung \u00fcber dieses Programm. Hier der Link dazu:<\/p>\n<p><a href=\"https:\/\/mykitavm.trinuts.de\/mykitavm\/?page=ansbach\">mykitavm.trinuts.de<\/a><\/p>\n<p>Bei uns k\u00f6nnen Sie sich ebenso per Papier \u00fcber dieses Anmeldeformular anmelden. <a href=\"https:\/\/www.kindergarten-lenauweg.de\/wp-content\/uploads\/2025\/10\/Anmeldeformular-2025.pdf\">Anmeldeformular-2025<\/a><\/p>\n<p>In beiden F\u00e4llen, empfehlen wir Ihnen sich bei uns telefonisch vorzustellen, damit wir aktuelle Fragen und Anliegen kl\u00e4ren k\u00f6nnen.<\/p>\n<p>Im Winter findet f\u00fcr alle interessierten Eltern ein Tag der offenen T\u00fcr im Kindergarten statt. An diesem Tag k\u00f6nnen Sie die Einrichtung, die P\u00e4dagogik und das Kindergartenteam kennen lernen. Au\u00dferdem liegen Anmeldeformulare aus. Sollten Sie am Tag der offenen T\u00fcr verhindert sein, k\u00f6nnen Sie gerne vorab telefonisch einen Termin vereinbaren um sich den Kindergarten ansehen zu k\u00f6nnen.<\/p>\n<p>Anfang Februar bekommen die Eltern schriftlich Bescheid, ob sie einen Platz erhalten oder auf die Warteliste r\u00fccken. Die Anzahl (der neu aufzunehmenden Kinder) richtet sich nach der Anzahl der verbleibenden Kinder in den Gruppen. F\u00fcr weitere Informationen werden die Eltern zu einem Elternabend eingeladen.<\/p>\n<p>Stehen f\u00fcr die beantragten Aufnahmen nicht ausreichend Pl\u00e4tze zur Verf\u00fcgung, erfolgt die Aufnahme im Regelfall entsprechend unseren Aufnahmekriterien.<\/p>\n<p>Die Auswahl der Kinder trifft die die Kindergartenleitung, ggf. nach R\u00fccksprache mit dem Tr\u00e4gervertreter. Werden Kinder nach der Anmeldephase angemeldet, so werden diese entsprechend ihres Alters in die Warteliste eingereiht. Einzelfallentscheidungen bleiben dem Tr\u00e4ger vorbehalten.<\/p>\n","protected":false},"excerpt":{"rendered":"<p>Voranmeldungen k\u00f6nnen digital oder schriftlich erfolgen. F\u00fcr die digitale Voranmeldung k\u00f6nnen Sie sich bei mykitavm Ansbach anmelden und wir erhalten Ihre Anmeldung \u00fcber dieses Programm. Hier der Link dazu: mykitavm.trinuts.de Bei uns k\u00f6nnen Sie sich ebenso per Papier \u00fcber dieses Anmeldeformular anmelden. Anmeldeformular-2025 In beiden F\u00e4llen, empfehlen wir Ihnen sich bei uns telefonisch vorzustellen, damit &hellip; <a href=\"https:\/\/www.kindergarten-lenauweg.de\/?page_id=57\" class=\"more-link\"><span class=\"screen-reader-text\">Anmeldung\/Aufnahme<\/span> weiterlesen <span class=\"meta-nav\">&rarr;<\/span><\/a><\/p>\n","protected":false},"author":1,"featured_media":0,"parent":22,"menu_order":8,"comment_status":"closed","ping_status":"open","template":"","meta":{"footnotes":""},"class_list":["post-57","page","type-page","status-publish","hentry"],"_links":{"self":[{"href":"https:\/\/www.kindergarten-lenauweg.de\/index.php?rest_route=\/wp\/v2\/pages\/57","targetHints":{"allow":["GET"]}}],"collection":[{"href":"https:\/\/www.kindergarten-lenauweg.de\/index.php?rest_route=\/wp\/v2\/pages"}],"about":[{"href":"https:\/\/www.kindergarten-lenauweg.de\/index.php?rest_route=\/wp\/v2\/types\/page"}],"author":[{"embeddable":true,"href":"https:\/\/www.kindergarten-lenauweg.de\/index.php?rest_route=\/wp\/v2\/users\/1"}],"replies":[{"embeddable":true,"href":"https:\/\/www.kindergarten-lenauweg.de\/index.php?rest_route=%2Fwp%2Fv2%2Fcomments&post=57"}],"version-history":[{"count":16,"href":"https:\/\/www.kindergarten-lenauweg.de\/index.php?rest_route=\/wp\/v2\/pages\/57\/revisions"}],"predecessor-version":[{"id":1492,"href":"https:\/\/www.kindergarten-lenauweg.de\/index.php?rest_route=\/wp\/v2\/pages\/57\/revisions\/1492"}],"up":[{"embeddable":true,"href":"https:\/\/www.kindergarten-lenauweg.de\/index.php?rest_route=\/wp\/v2\/pages\/22"}],"wp:attachment":[{"href":"https:\/\/www.kindergarten-lenauweg.de\/index.php?rest_route=%2Fwp%2Fv2%2Fmedia&parent=57"}],"curies":[{"name":"wp","href":"https:\/\/api.w.org\/{rel}","templated":true}]}}