{"id":523,"date":"2020-02-24T16:38:39","date_gmt":"2020-02-24T14:38:39","guid":{"rendered":"http:\/\/www.kindergarten-lenauweg.de\/?page_id=523"},"modified":"2026-03-25T14:22:32","modified_gmt":"2026-03-25T12:22:32","slug":"datenschutzerklaerung","status":"publish","type":"page","link":"https:\/\/www.kindergarten-lenauweg.de\/?page_id=523","title":{"rendered":"Datenschutzhinweise"},"content":{"rendered":"\n<p><br \/>Der Schutz Ihrer Daten ist uns sehr wichtig. F\u00fcr eine transparente Zusammenarbeit weisen<br \/>wir Sie auf wichtige Verarbeitungst\u00e4tigkeiten und Besonderheiten hin.<br \/><br \/><em>Zweck und Rechtsgrundlage der Datenverarbeitung<\/em><br \/>Die Datenverarbeitung in der Website des Kindergarten Lenauweg erfolgt zur<br \/>Vertragserf\u00fcllung, zur Vertragsabwicklung und sofern der Forderung kein Vertrag zugrunde<br \/>liegt, im Rahmen des Interessenabgleichs nach \u00a7 6 Nr. 1-8, wobei das berechtigte Interesse<br \/>im Zusammenhang steht, mit:<\/p>\n\n\n\n<ul class=\"wp-block-list\">\n<li>Der Beantwortung von Anfragen<\/li>\n\n\n\n<li>Dem Versand von Informationsmaterial<\/li>\n\n\n\n<li>Der Verwaltung und Administration<\/li>\n\n\n\n<li>Der Pflege von Gesch\u00e4ftsbeziehungen<\/li>\n<\/ul>\n\n\n\n<p>Als soziale Einrichtung unterliegen wir verschiedenen rechtlichen Verpflichtungen. Zur<br \/>Erf\u00fcllung dieser Verpflichtungen kann eine Verarbeitung von personenbezogenen Daten,<br \/>nach \u00a7 6 Nr. 1-8 verschiedener Rechtm\u00e4\u00dfigkeiten unterliegen. Z.Bsp.<br \/>&#8211; Alters- und Identit\u00e4tspr\u00fcfungen<br \/>&#8211; Pr\u00e4vention\/Abwehr strafbarer Handlungen<\/p>\n\n\n\n<p><em>Verantwortlicher gem.<\/em><br \/>Evangelische Kindertagesst\u00e4tte St. Gumbertus<br \/>Lenauweg 2<br \/>91522 Ansbach<br \/>Tel.: 09 81 \/ 8 61 55<br \/>Mail: kiga.lenauweg.an@elkb.de<br \/><em>Vertreten durch Gesch\u00e4ftsf\u00fchrung:<\/em> Frau Unger vanessa.unger@elkb.de<br \/><em>Leitung des Kindergartens:<\/em> Rebecca Schleier<br \/><br \/><em>Geltungsbereich<\/em><br \/>Diese Datenschutzhinweise gelten immer dann, wenn sonst aus einem unserer Angebote auf<br \/>diese Datenschutzhinweise verwiesen wird, unabh\u00e4ngig davon, auf welchem Weg Sie es<br \/>aufrufen oder verwenden.<\/p>\n\n\n\n<p><br \/><em>Erhebung personenbezogener Daten bei Kontaktaufnahme Ihrerseits<\/em><br \/>Wenn Sie uns eine E-Mail schreiben oder telefonisch kontaktieren erheben, bearbeiten und<br \/>speichern wir folgende Daten von Ihnen und nutzen diese zum Zwecke der Beantwortung<br \/>Ihrer Anfrage. (Rechtsgrundlage ist \u00a7 6 Nr. 2 EKD):<\/p>\n\n\n\n<ul class=\"wp-block-list\">\n<li>Vorname, Name<\/li>\n\n\n\n<li>Adresse<\/li>\n\n\n\n<li>Festnetz-\/ Mobil-Telefonnummer<\/li>\n\n\n\n<li>E-Mail-Adresse<\/li>\n<\/ul>\n\n\n\n<p><em>Erhebung personenbezogener Daten bei Besuch unserer Einrichtung<\/em><br \/><em> <\/em>hiermit informieren wir Sie gem. \u00a7\u00a7 17 und 18 DSG-EKD \u00fcber die Verarbeitung Ihrer personenbezogenen Daten und der Ihrer Kinder, die wir vornehmen.<\/p>\n\n\n\n<p>Welche Daten im Einzelnen verarbeitet und in welcher Weise genutzt werden, richtet sich ma\u00dfgeblich nach den vertraglichen und gesetzlichen Vereinbarungen.<\/p>\n\n\n\n<ol class=\"wp-block-list\">\n<li><strong>Wer ist f\u00fcr die Datenverarbeitung verantwortlich und an wen kann ich mich wenden?<\/strong><\/li>\n<\/ol>\n\n\n\n<p><strong>Verantwortliche Stelle f\u00fcr die Datenverarbeitung ist:<\/strong><\/p>\n\n\n\n<p><em>Kindergartenleitung des Kindergarten Lenauweg; 0981 86155<\/em><\/p>\n\n\n\n<p>Bei Fragen, Beschwerden oder Anregungen in Bezug auf die Datenverarbeitung stehen Ihnen <em>der Kitatr\u00e4ger und die Kitaleitung in Kooperation mit dem\/der \u00f6rtlichen Datenschutzbeauftragten (der Kita bzw. des Tr\u00e4gers)<\/em> zur Verf\u00fcgung.<\/p>\n\n\n\n<p><strong>Ihr Kontakt zum\/ zur \u00f6rtlich Beauftragten f\u00fcr den Datenschutz:<\/strong><\/p>\n\n\n\n<figure class=\"wp-block-table\"><table class=\"has-fixed-layout\"><tbody><tr><td><em>Geitner Manfred<\/em><\/td><td><em>0175 9543835<\/em><\/td><\/tr><\/tbody><\/table><\/figure>\n\n\n\n<ul class=\"wp-block-list\">\n<li><strong>Welche Quellen und Daten nutzen wir?<\/strong><\/li>\n<\/ul>\n\n\n\n<p>Wir verarbeiten personenbezogene Daten, die wir im Rahmen des Betreuungsvertrags, f\u00fcr dessen Durchf\u00fchrung inkl. der Verwaltung und Geb\u00fchrenerhebung von Ihnen oder Dritten (z.B. Jugendamt) erhalten.<\/p>\n\n\n\n<p>In Bezug auf die Eltern handelt es sich in erster Linie um Kontaktdaten; in Bezug auf die Kinder um Verwaltungsdaten und f\u00fcr die p\u00e4dagogische Arbeit notwendige Daten. Hierzu geh\u00f6ren auch Bildungs- und Lerndokumentationen in Bezug auf Ihr Kind (z.B. Portfolio).<\/p>\n\n\n\n<p>Die Rechtsgrundlagen, auf der Ihre Daten verarbeitet werden, sind der Betreuungsvertrag, Vorgaben des Bayerischen Kinderbildungs- und -betreuungsgesetzes (BayKiBiG), der Sozialgesetzb\u00fccher und der Datenschutzgesetze<strong>.<\/strong><\/p>\n\n\n\n<p>Sofern f\u00fcr die Verarbeitung der Daten Ihre Einwilligung als Eltern erforderlich ist, wird diese schriftlich mit einem gesonderten Schreiben eingeholt.<\/p>\n\n\n\n<ul class=\"wp-block-list\">\n<li><strong>Besteht eine Pflicht zur Bereitstellung von Daten?<\/strong><\/li>\n<\/ul>\n\n\n\n<p>Im Rahmen unserer Vertragsbeziehung m\u00fcssen Sie nur diejenigen personenbezogenen Daten bereitstellen, die f\u00fcr die Begr\u00fcndung, Durchf\u00fchrung und Beendigung des Betreuungsverh\u00e4ltnisses erforderlich sind oder zu deren Erhebung wir gesetzlich verpflichtet sind. Ohne diese Daten werden wir in der Regel den Abschluss des Betreuungsvertrags ablehnen m\u00fcssen oder einen bestehenden Vertrag nicht mehr durchf\u00fchren k\u00f6nnen und ggf. beenden m\u00fcssen.<\/p>\n\n\n\n<ul class=\"wp-block-list\">\n<li><strong>Zu welchem Zweck verarbeiten wir Ihre Daten?<\/strong><\/li>\n<\/ul>\n\n\n\n<p>Die Daten werden zur Erf\u00fcllung unseres Bildungs- und Erziehungsauftrages genutzt.<\/p>\n\n\n\n<ol style=\"list-style-type:lower-alpha\" class=\"wp-block-list\">\n<li><strong>Aufgrund gesetzlicher Vorgaben (\u00a7 6 Nr. 1 DSG-EKD) oder im kirchlichen Interesse (\u00a7 6 Nr. 4 DSG-EKD)<\/strong><\/li>\n<\/ol>\n\n\n\n<p>Wir unterliegen verschiedenen rechtlichen Verpflichtungen, das hei\u00dft gesetzlichen Anforderungen (BayKiBiG, Infektionsschutzgesetz, Steuergesetze, etc.). Soweit diesbez\u00fcglich Daten verarbeitet werden, geschieht dies ausschlie\u00dflich auf Grundlage dieser Vorschriften.<\/p>\n\n\n\n<ul class=\"wp-block-list\">\n<li><strong>Zur Erf\u00fcllung von vertraglichen Pflichten (\u00a7 6 Nr. 5 DSG-EKD)<\/strong><\/li>\n<\/ul>\n\n\n\n<p>Die Verarbeitung personenbezogener Daten erfolgt zur Begr\u00fcndung und Durchf\u00fchrung sowie Beendigung der mit Ihnen geschlossenen bzw. zu schlie\u00dfenden Vertr\u00e4ge, sowie aller mit dem Betrieb und der Verwaltung der Kindertageseinrichtung erforderlichen T\u00e4tigkeiten. Die Zwecke der Datenverarbeitung richten sich in erster Linie nach dem Betreuungsverh\u00e4ltnis.<\/p>\n\n\n\n<p>Die weiteren Einzelheiten zum Zweck der Datenverarbeitung k\u00f6nnen Sie den Vertragsunterlagen und ggfs. individuellen Vereinbarungen mit Ihnen entnehmen.<\/p>\n\n\n\n<ul class=\"wp-block-list\">\n<li><strong>Im Rahmen der Interessenabw\u00e4gung (\u00a7 6 Nr. 8 DSG-EKD)<\/strong><\/li>\n<\/ul>\n\n\n\n<p>Soweit erforderlich, verarbeiten wir Ihre Daten \u00fcber die eigentliche Erf\u00fcllung des Vertrags hinaus zur Wahrung berechtigter Interessen von Dritten. Beispiele:<\/p>\n\n\n\n<ul class=\"wp-block-list\">\n<li>Geltendmachung rechtlicher Anspr\u00fcche und Verteidigung bei rechtlichen Streitigkeiten;<\/li>\n\n\n\n<li>Gew\u00e4hrleistung der IT-Sicherheit und des IT-Betriebs;<\/li>\n\n\n\n<li>Ma\u00dfnahmen zur Sicherstellung des Hausrechts;<\/li>\n<\/ul>\n\n\n\n<ul class=\"wp-block-list\">\n<li><strong>Aufgrund Ihrer Einwilligung (\u00a7 6 Nr. 2 DSG-EKD)<\/strong><\/li>\n<\/ul>\n\n\n\n<p>Soweit Sie uns eine Einwilligung zur Verarbeitung von personenbezogenen Daten f\u00fcr bestimmte Zwecke erteilt haben, ist die Rechtm\u00e4\u00dfigkeit dieser Verarbeitung auf Basis Ihrer Einwilligung gegeben. Eine erteilte Einwilligung kann jederzeit widerrufen werden.<\/p>\n\n\n\n<p>Bitte beachten Sie, dass der Widerruf erst f\u00fcr die Zukunft wirkt. Verarbeitungen, die vor dem Widerruf erfolgt sind, sind davon nicht betroffen.<\/p>\n\n\n\n<ul class=\"wp-block-list\">\n<li><strong>Wer bekommt Ihre Daten?<\/strong><\/li>\n<\/ul>\n\n\n\n<p>Innerhalb der kirchlichen Stelle bzw. des diakonischen Tr\u00e4gers erhalten diejenigen Stellen Ihre Daten, die diese zur Erf\u00fcllung unserer gesetzlichen Pflichten brauchen. Auch von uns eingesetzte Auftragsverarbeiter (\u00a7 30 DSG-EKD) k\u00f6nnen zu diesen genannten Zwecken Daten erhalten. Das sind beispielsweise Unternehmen in den Kategorien Aktenvernichtung, Abrechnungs- oder IT-Dienstleistungen.<\/p>\n\n\n\n<p>Im Hinblick auf die Datenweitergabe an Empf\u00e4nger au\u00dferhalb der Einrichtung bzw. der Tr\u00e4gerorganisation ist zu beachten, dass wir Ihre Daten nur weitergeben, wenn gesetzliche Bestimmungen dies gestatten, Sie eingewilligt haben oder wir zur Erteilung einer Auskunft befugt sind. Unter diesen Voraussetzungen k\u00f6nnen Empf\u00e4nger personenbezogener Daten sein, z.B. \u00f6ffentliche Stellen und Institutionen wie das \u00f6rtlich zust\u00e4ndige Jugendamt.<\/p>\n\n\n\n<p>Weitere Datenempf\u00e4nger k\u00f6nnen diejenigen Stellen sein, f\u00fcr die Sie uns ausdr\u00fccklich Ihre Einwilligung zur Daten\u00fcbermittlung erteilt haben.<\/p>\n\n\n\n<ul class=\"wp-block-list\">\n<li><strong>Wie lange werden die Daten gespeichert?<\/strong><\/li>\n<\/ul>\n\n\n\n<p>Soweit erforderlich, verarbeiten und speichern wir Ihre personenbezogenen Daten f\u00fcr die Dauer unserer Vertragsbeziehung, was beispielsweise auch die Anbahnung und die Abwicklung eines Vertrags umfasst sowie die Erf\u00fcllung der vertraglichen Zwecke.<\/p>\n\n\n\n<p>Wir unterliegen verschiedenen Aufbewahrungs- und Dokumentationspflichten, die sich unter anderem aus dem Handelsgesetzbuch (HGB) und Steuergesetzen wie der Abgabenordnung (AO) ergeben.<\/p>\n\n\n\n<p>F\u00f6rderrelevante Unterlagen m\u00fcssen in Anlehnung an die Anlage 2 zu Art. 44 BayHO (ANBest-P) (VV Nr. 5.1 zu Art. 44 BayHO) f\u00fcnf Jahre nach Ablauf des Bewilligungszeitraums aufbewahrt werden. F\u00f6rderrelevante Unterlagen sind dabei alle Nachweise, die erforderlich sind, die Korrektheit der Beantragung der kindbezogenen F\u00f6rderung sowie deren Berechnung zu belegen, z.B. der Buchungsbeleg mit den Nachweisen f\u00fcr die Gewichtungsfaktoren.<\/p>\n\n\n\n<p>L\u00e4ngere Aufbewahrungsfristen gelten auch dann, wenn dies beispielsweise f\u00fcr Abrechnungszwecke oder im Rahmen der Dokumentationspflicht (z.B. nach einem Unfall) erforderlich ist.<\/p>\n\n\n\n<p>Davon nicht betroffene Daten l\u00f6schen wir grunds\u00e4tzlich sp\u00e4testens ein Jahr nach Verlassen der Kita. Das Portfolio Ihres Kindes wird Ihnen bei Verlassen der Kita ausgeh\u00e4ndigt.<\/p>\n\n\n\n<ul class=\"wp-block-list\">\n<li><strong>Werden Daten in ein Drittland oder an eine internationale Organisation \u00fcbermittelt?<\/strong><\/li>\n<\/ul>\n\n\n\n<p>Eine Daten\u00fcbermittlung in Drittstaaten (Staaten au\u00dferhalb des Europ\u00e4ischen Wirtschaftsraums \u2013 EWR) findet grunds\u00e4tzlich nicht statt. Eine Ausnahme gilt nur, soweit dies zur Ausf\u00fchrung unseres Auftrags erforderlich oder gesetzlich vorgeschrieben ist oder Sie uns Ihre Einwilligung erteilt haben. \u00dcber Einzelheiten werden wir Sie, sofern gesetzlich vorgegeben, gesondert informieren.<\/p>\n\n\n\n<p>Wir m\u00f6chten Sie auch bez\u00fcglich der Verwendung von Cloud-Produkten informieren: Unsere Kita verwendet keine Cloud-Produkte.<\/p>\n\n\n\n<ul class=\"wp-block-list\">\n<li><strong>Welche Datenschutzrechte haben Sie?<\/strong><\/li>\n<\/ul>\n\n\n\n<p>Jede betroffene Person hat &#8211; jeweils im Rahmen der rechtlichen Vorgaben das Recht auf<\/p>\n\n\n\n<ul class=\"wp-block-list\">\n<li>Auskunft nach \u00a7 19 DSG-EKD<\/li>\n\n\n\n<li>Berichtigung nach \u00a7 20 DSG-EKD<\/li>\n\n\n\n<li>L\u00f6schung nach \u00a7 21 DSG-EKD<\/li>\n\n\n\n<li>Einschr\u00e4nkung der Verarbeitung nach \u00a7 22 DSG-EKD<\/li>\n\n\n\n<li>Daten\u00fcbertragbarkeit nach \u00a7 24 DSG-EKD<\/li>\n\n\n\n<li>Widerspruch nach \u00a7 25 DSG-EKD<\/li>\n<\/ul>\n\n\n\n<p>Dar\u00fcber hinaus besteht ein Beschwerderecht bei einer Aufsichtsbeh\u00f6rde f\u00fcr den Datenschutz (\u00a7 46 DSG- EKD).<\/p>\n\n\n\n<p>Zust\u00e4ndige Aufsichtsbeh\u00f6rde ist:<\/p>\n\n\n\n<p>Der Beauftragte f\u00fcr den Datenschutz in der Evangelischen Kirche Deutschland<\/p>\n\n\n\n<p>Au\u00dfenstelle Ulm f\u00fcr die Datenschutzregion S\u00fcd<\/p>\n\n\n\n<p>Hafenbad 22<\/p>\n\n\n\n<p>89073 Ulm<\/p>\n\n\n\n<p><\/p>\n\n\n\n<p><em>Erhebung personenbezogener Daten bei Besuch unserer Website<\/em><\/p>\n\n\n\n<p>(1) Beim Besuch unserer Website, also wenn Sie sich nicht registrieren oder uns anderweitig<br \/>Informationen \u00fcbermitteln, erheben wir nur die personenbezogenen Daten,<br \/>die Ihr Browser an unseren Server \u00fcbermittelt. Wenn Sie unsere Website betrachten<br \/>m\u00f6chten, erheben wir die folgenden Daten, die f\u00fcr uns technisch erforderlich sind,<br \/>um Ihnen unsere Website anzuzeigen und die Stabilit\u00e4t und Sicherheit zu gew\u00e4hrleisten:<br \/>\u2013 IP-Adresse und Service-Provider<br \/>\u2013 Datum und Uhrzeit der Anfrage<br \/>\u2013 Inhalt der Anforderung (konkrete Seite)<br \/>\u2013 Zugriffsstatus\/HTTP-Statuscode<br \/>\u2013 jeweils \u00fcbertragene Datenmenge<br \/>\u2013 Website, von der die Anforderung kommt<br \/>\u2013 Browser inkl. Sprache und Softwareversion<br \/>\u2013 Betriebssystem und dessen Oberfl\u00e4che<br \/>Die in Abs. 1 aufgef\u00fchrten Daten werden zudem automatisch in den Protokolldateien<br \/>(Logdatei) unseres Servers gespeichert. Die Protokolldaten werden getrennt von anderen<br \/>Daten abgelegt und sind nur vom Hoster einsehbar. Die Speicherdauer der Protokolldaten<br \/>betr\u00e4gt sieben Tage. Rechtsgrundlage f\u00fcr die Verarbeitung Ihrer Daten beim Besuch unserer<br \/>Website ist \u00a7 6 Nr. 8 EKD i.V.m. \u00a7 25 TTDSG.<br \/>(2) Wir verwenden f\u00fcr unsere Website ausschlie\u00dflich technisch notwendige Cookies.<br \/>(3) Wir verwenden keine Tracking &#8211; Technologien.<br \/>(4) Beim Besuch unserer Website findet keine automatisierte Entscheidungsfindung, das<br \/>sogenannte Profiling, statt.<br \/>(5) Wir verarbeiten Ihre personenbezogenen Daten nur zu dem hier angegeben Zweck. Jede<br \/>weitere Verarbeitung zu anderen Zwecken bedarf Ihrer vorherigen Einwilligung.<\/p>\n\n\n\n<p><em>Erhebung personenbezogener Daten im Bewerbungsverfahren<\/em><br \/>Personenbezogene Daten, die Sie uns im Rahmen einer Bewerbung zukommen lassen,<br \/>werden zu Zwecken der Abwicklung des Bewerbungsverfahrens erhoben und verarbeitet.<br \/><br \/>Die von Ihnen \u00fcbermittelten personenbezogen Daten werden lediglich zur Bearbeitung Ihrer<br \/>Bewerbung und nicht zu anderen Zwecken verarbeitet. Die Verarbeitung geschieht zur<br \/>Vertragserf\u00fcllung oder aus berechtigtem Interesse nach \u00a7 6 Nr. 5 oder Nr. 8 EKD.<br \/><br \/>Sollten Sie uns dabei von sich aus auch besondere Kategorien personenbezogener Daten<br \/>gem. \u00a7 13 EKD, wie etwa Schwerbehinderteneigenschaft mitteilen, erfolgt die Verarbeitung<br \/>auf der Grundlage des \u00a7 6 Nr. 5 EKD, da die Verarbeitung dieser Daten f\u00fcr die<br \/>Berufsaus\u00fcbung erforderlich sind. Fragen wir besondere Kategorien personenbezogener<br \/>Daten von Ihnen ab, erfolgt die Verarbeitung auf Grund Ihrer Einwilligung nach \u00a7 13 Abs. 2<br \/>Nr. 1 EKD.<br \/><br \/>Dabei ist eine Verarbeitung auf elektronischem Weg m\u00f6glich, vor allem bei Bewerbungen,<br \/>die auf elektronischen Weg eingegangen sind wie per E-Mail oder \u00fcber das Kontaktformular<br \/>auf der Webseite.<br \/><br \/>Sofern die Bewerbung in ein Arbeitsverh\u00e4ltnis \u00fcbergeht, werden die Bewerbungsunterlagen<br \/>zum Zweck der Abwicklung des Arbeitsvertrags gespeichert. F\u00fcr den Fall, in dem kein<br \/>Besch\u00e4ftigungsverh\u00e4ltnis zustande kommt, werden die Bewerbungsunterlagen sechs<br \/>Monate nach Abschluss des Bewerbungsverfahrens automatisch gel\u00f6scht, es sei denn, es<br \/>stehen berechtigte Interessen nach \u00a7 6 Nr. 8 EKD der L\u00f6schung entgegen. Ein solches<br \/>berechtigtes Interesse besteht beispielsweise dann, wenn ein Verfahren im Rahmen des<br \/>allgemeinen Gleichbehandlungsgesetzes (AGG) anh\u00e4ngig ist. In diesem Fall werden wir die<br \/>Daten bis zum Abschluss des Verfahrens speichern.<br \/><br \/>Zudem k\u00f6nnen Sie uns Ihre Einwilligung f\u00fcr eine verl\u00e4ngerte Speicherdauer Ihrer<br \/>Bewerberdaten erteilen, damit wir Sie f\u00fcr die Zukunft bei der Stellenvergabe ber\u00fccksichtigen<br \/>k\u00f6nnen.<br \/><br \/><em>Widerrufsrecht bei Erteilung einer Einwilligung<\/em><br \/>In verschiedenen F\u00e4llen haben Sie die M\u00f6glichkeit, uns im Zusammenhang mit den<br \/>nachstehend dargestellten Verarbeitungen auch (ggf. f\u00fcr einen Teil der Daten) Ihre<br \/>Einwilligung in weitergehende Verarbeitungen zu erteilen. In diesem Fall informieren wir Sie<br \/>im Zusammenhang mit der Abgabe der jeweiligen Einwilligungserkl\u00e4rung gesondert \u00fcber alle<br \/>Modalit\u00e4ten und die Reichweite der Einwilligung und \u00fcber die Zwecke, die wir mit diesen<br \/>Verarbeitungen verfolgen. Wir setzen Sie davon in Kenntnis, dass durch den Widerruf der<br \/>Einwilligung die Rechtm\u00e4\u00dfigkeit, der aufgrund der Einwilligung bis zum Widerruf erfolgten<br \/>Verarbeitung nicht ber\u00fchrt wird.<br \/><br \/><em>\u00dcbermittlung von Daten<\/em><br \/>Es erhalten unser Hosting-Anbieter in Deutschland und diejenigen Abteilungen und<br \/>Mitarbeiter Ihre Daten, die diese zur Erf\u00fcllung der vertraglichen und gesetzlichen Pflichten<br \/>sowie berechtigten Interessen ben\u00f6tigen.<br \/><br \/>Dar\u00fcber hinaus erhalten von uns beauftragte Auftragsverarbeiter (insb. IT-Dienstleister) Ihre<br \/>Daten, sofern und soweit diese die Daten zur Erf\u00fcllung ihrer jeweiligen Leistungen<br \/>ben\u00f6tigen. Bei Vorliegen gesetzlicher Verpflichtungen oder berechtigter Interessen k\u00f6nnen<br \/>\u00f6ffentliche Stellen (z.B. Gerichte, Beh\u00f6rden) Empf\u00e4nger Ihrer personenbezogenen Daten<br \/>sein. Empf\u00e4nger k\u00f6nnen auch Dritte sein, an die wir zu den o.g. Zwecken Ihre Daten<br \/>\u00fcbermitteln. Ihre Daten werden ausschlie\u00dflich auf Grundlage der oben genannten<br \/>Rechtsgrundlagen an Dritte weitergegeben. Weiterhin werden keine Daten an Drittl\u00e4nder<br \/>weitergegeben.<br \/><br \/>F\u00f6rderverein<br \/>Log-In Bereich Mitarbeiter<br \/><br \/><em>Keine Verpflichtung zur Bereitstellung &amp; Folgen der Nichtbereitstellung<\/em><br \/>Die Bereitstellung der personenbezogenen Daten ist nicht gesetzlich oder vertraglich<br \/>vorgeschrieben und Sie sind nicht verpflichtet, Daten bereitzustellen. Wir informieren Sie im<br \/>Rahmen des Eingabeprozesses, wenn die Bereitstellung personenbezogener Daten f\u00fcr den<br \/>jeweiligen Service erforderlich ist (z.B. durch die Bezeichnung als \u201ePflichtfeld\u201c). Bei<br \/>erforderlichen Daten hat die Nichtbereitstellung zur Folge, dass der betreffende Service<br \/>nicht erbracht werden kann.<br \/><br \/><em>Speicherdauer Ihrer Daten<\/em><br \/>Wir verarbeiten Ihre personenbezogenen Daten, soweit erforderlich, f\u00fcr die Dauer der<br \/>Gesch\u00e4ftsbeziehung, solange es f\u00fcr die genannten Zwecke erforderlich ist sowie dar\u00fcber<br \/>hinaus gem\u00e4\u00df den gesetzlichen Aufbewahrungs- und Dokumentationspflichten, die sich<br \/>insbesondere aus der Abgabenordnung und dem Handelsgesetzbuch ergeben und i.d.R. 10<br \/>Jahre betragen. Dar\u00fcber hinaus k\u00f6nnen personenbezogene Daten so lange gespeichert und<br \/>aufbewahrt werden, als die Daten f\u00fcr ein anh\u00e4ngiges gerichtliches oder beh\u00f6rdliches<br \/>Verfahren, in dem der Verantwortliche Parteistellung hat, von Bedeutung sind.<br \/><br \/><em>Ihre Rechte<\/em><br \/>(1) Sie haben uns gegen\u00fcber folgende Rechte hinsichtlich der Sie betreffenden<br \/>personenbezogenen Daten:<\/p>\n\n\n\n<ul class=\"wp-block-list\">\n<li>Recht auf Auskunft, welche Daten wir von Ihnen erhoben und gespeichert haben;<\/li>\n\n\n\n<li>Recht auf Berichtigung oder L\u00f6schung, Ihrer bereits bestehenden Daten, nach Pr\u00fcfung<br \/>etwaiger Aufbewahrungsfristen;<\/li>\n\n\n\n<li>Recht auf Einschr\u00e4nkung der Verarbeitung, bez\u00fcglich Ihrer Daten, falls diese nicht mehr<br \/>in dem Umfang ben\u00f6tigt werden;<\/li>\n\n\n\n<li>Recht auf Widerspruch gegen die Verarbeitung, sodass wir die Verarbeitung einstellen<br \/>m\u00fcssen und das<\/li>\n\n\n\n<li>Recht auf Daten\u00fcbertragbarkeit, falls Sie Datens\u00e4tze zu einer anderen Institution<br \/>mitnehmen m\u00f6chten.<\/li>\n<\/ul>\n\n\n\n<p><strong>Wenn Sie Fragen zur Aus\u00fcbung Ihrer Rechte haben, schreiben Sie uns gern eine E-Mail.<\/strong><br \/>(2) Sie haben zudem das Recht, sich bei einer Datenschutz-Aufsichtsbeh\u00f6rde \u00fcber die<br \/>Verarbeitung Ihrer personenbezogenen Daten durch uns zu beschweren. Diese Beschwerde<br \/>richten Sie bitte an die zust\u00e4ndige Aufsichtsbeh\u00f6rde unter<br \/>https:\/\/datenschutz.ekd.de\/datenschutzrecht\/ds-sued\/. <\/p>\n\n\n\n<p><em>Widerspruch<\/em>:<br \/>Sie haben jederzeit das Recht gegen die Verarbeitung Ihrer personenbezogenen Daten<br \/>Widerspruch einzulegen. Richten Sie diesen bitte schriftlich per E-Mail oder per Post.<br \/><br \/>Stand M\u00e4rz 2026<\/p>\n","protected":false},"excerpt":{"rendered":"<p>Der Schutz Ihrer Daten ist uns sehr wichtig. F\u00fcr eine transparente Zusammenarbeit weisenwir Sie auf wichtige Verarbeitungst\u00e4tigkeiten und Besonderheiten hin. Zweck und Rechtsgrundlage der DatenverarbeitungDie Datenverarbeitung in der Website des Kindergarten Lenauweg erfolgt zurVertragserf\u00fcllung, zur Vertragsabwicklung und sofern der Forderung kein Vertrag zugrundeliegt, im Rahmen des Interessenabgleichs nach \u00a7 6 Nr. 1-8, wobei das berechtigte &hellip; <a href=\"https:\/\/www.kindergarten-lenauweg.de\/?page_id=523\" class=\"more-link\"><span class=\"screen-reader-text\">Datenschutzhinweise<\/span> weiterlesen <span class=\"meta-nav\">&rarr;<\/span><\/a><\/p>\n","protected":false},"author":2,"featured_media":0,"parent":0,"menu_order":0,"comment_status":"closed","ping_status":"closed","template":"","meta":{"footnotes":""},"class_list":["post-523","page","type-page","status-publish","hentry"],"_links":{"self":[{"href":"https:\/\/www.kindergarten-lenauweg.de\/index.php?rest_route=\/wp\/v2\/pages\/523","targetHints":{"allow":["GET"]}}],"collection":[{"href":"https:\/\/www.kindergarten-lenauweg.de\/index.php?rest_route=\/wp\/v2\/pages"}],"about":[{"href":"https:\/\/www.kindergarten-lenauweg.de\/index.php?rest_route=\/wp\/v2\/types\/page"}],"author":[{"embeddable":true,"href":"https:\/\/www.kindergarten-lenauweg.de\/index.php?rest_route=\/wp\/v2\/users\/2"}],"replies":[{"embeddable":true,"href":"https:\/\/www.kindergarten-lenauweg.de\/index.php?rest_route=%2Fwp%2Fv2%2Fcomments&post=523"}],"version-history":[{"count":5,"href":"https:\/\/www.kindergarten-lenauweg.de\/index.php?rest_route=\/wp\/v2\/pages\/523\/revisions"}],"predecessor-version":[{"id":1495,"href":"https:\/\/www.kindergarten-lenauweg.de\/index.php?rest_route=\/wp\/v2\/pages\/523\/revisions\/1495"}],"wp:attachment":[{"href":"https:\/\/www.kindergarten-lenauweg.de\/index.php?rest_route=%2Fwp%2Fv2%2Fmedia&parent=523"}],"curies":[{"name":"wp","href":"https:\/\/api.w.org\/{rel}","templated":true}]}}