{"id":521,"date":"2020-02-24T16:38:39","date_gmt":"2020-02-24T14:38:39","guid":{"rendered":"http:\/\/www.kindergarten-lenauweg.de\/?page_id=521"},"modified":"2024-04-25T14:43:29","modified_gmt":"2024-04-25T12:43:29","slug":"elternbeirat","status":"publish","type":"page","link":"https:\/\/www.kindergarten-lenauweg.de\/?page_id=521","title":{"rendered":"Elternbeirat"},"content":{"rendered":"\n<p>Der Elternbeirat ist das Bindeglied zwischen Tr\u00e4ger, Kindergarten und Eltern. Er wird j\u00e4hrlich gew\u00e4hlt und steht dem Tr\u00e4ger und dem Kindergartenteam beratend und unterst\u00fctzend zur Seite.<br \/>Im Kindergartenjahr 2023_24 unterst\u00fctzen uns neun Mitglieder des Elternbeirates.<\/p>\n\n\n\n<p>Elternbeiratsvorsitzender: Frau Marion Waldmann<\/p>\n","protected":false},"excerpt":{"rendered":"<p>Der Elternbeirat ist das Bindeglied zwischen Tr\u00e4ger, Kindergarten und Eltern. Er wird j\u00e4hrlich gew\u00e4hlt und steht dem Tr\u00e4ger und dem Kindergartenteam beratend und unterst\u00fctzend zur Seite.Im Kindergartenjahr 2023_24 unterst\u00fctzen uns neun Mitglieder des Elternbeirates. Elternbeiratsvorsitzender: Frau Marion Waldmann<\/p>\n","protected":false},"author":2,"featured_media":0,"parent":0,"menu_order":0,"comment_status":"closed","ping_status":"closed","template":"","meta":{"footnotes":""},"class_list":["post-521","page","type-page","status-publish","hentry"],"_links":{"self":[{"href":"https:\/\/www.kindergarten-lenauweg.de\/index.php?rest_route=\/wp\/v2\/pages\/521","targetHints":{"allow":["GET"]}}],"collection":[{"href":"https:\/\/www.kindergarten-lenauweg.de\/index.php?rest_route=\/wp\/v2\/pages"}],"about":[{"href":"https:\/\/www.kindergarten-lenauweg.de\/index.php?rest_route=\/wp\/v2\/types\/page"}],"author":[{"embeddable":true,"href":"https:\/\/www.kindergarten-lenauweg.de\/index.php?rest_route=\/wp\/v2\/users\/2"}],"replies":[{"embeddable":true,"href":"https:\/\/www.kindergarten-lenauweg.de\/index.php?rest_route=%2Fwp%2Fv2%2Fcomments&post=521"}],"version-history":[{"count":10,"href":"https:\/\/www.kindergarten-lenauweg.de\/index.php?rest_route=\/wp\/v2\/pages\/521\/revisions"}],"predecessor-version":[{"id":1449,"href":"https:\/\/www.kindergarten-lenauweg.de\/index.php?rest_route=\/wp\/v2\/pages\/521\/revisions\/1449"}],"wp:attachment":[{"href":"https:\/\/www.kindergarten-lenauweg.de\/index.php?rest_route=%2Fwp%2Fv2%2Fmedia&parent=521"}],"curies":[{"name":"wp","href":"https:\/\/api.w.org\/{rel}","templated":true}]}}