{"id":51,"date":"2014-05-29T16:54:15","date_gmt":"2014-05-29T14:54:15","guid":{"rendered":"http:\/\/www.kindergarten-lenauweg.de\/?page_id=51"},"modified":"2017-10-24T16:10:44","modified_gmt":"2017-10-24T14:10:44","slug":"gruppen","status":"publish","type":"page","link":"https:\/\/www.kindergarten-lenauweg.de\/?page_id=51","title":{"rendered":"Gruppen"},"content":{"rendered":"<p>Etwa 75 Kinder sind in drei Gruppen aufgeteilt. In jeder Gruppe befinden sich M\u00e4dchen und Jungs im Alter von ca. drei bis sechs Jahren.<br \/>\nDie Kindergartenleitung und die Gruppenerzieher entscheiden \u00fcber die Zuordnung der Kinder in eine Gruppe.<\/p>\n<p>Folgende Punkte werden dabei ber\u00fccksichtigt:<\/p>\n<ul>\n<li>\u00a0\u00a0\u00a0 Zusammensetzung der bestehenden \u201eRestgruppe\u201c (im September)<\/li>\n<li>\u00a0\u00a0\u00a0 Anzahl der freien Pl\u00e4tze in einer Gruppe<\/li>\n<li>\u00a0\u00a0\u00a0 Ausgewogenheit der Gruppe nach Alter und Geschlecht<\/li>\n<li>\u00a0\u00a0\u00a0 gew\u00fcnschte Betreuungszeit<\/li>\n<li>\u00a0\u00a0\u00a0 Wunsch der Eltern<\/li>\n<li>\u00a0\u00a0\u00a0 Wohngebiet<\/li>\n<\/ul>\n<p>Am Nachmittag sind aufgrund der Buchungszeiten weniger Kinder angemeldet, deshalb sind die Kinder nur noch in zwei Gruppenr\u00e4umen.<br \/>\nIm dritten Gruppenraum sind von Montag bis Donnerstag die Mini-M\u00e4use (Kinder ab zwei Jahren) untergebracht.<\/p>\n","protected":false},"excerpt":{"rendered":"<p>Etwa 75 Kinder sind in drei Gruppen aufgeteilt. In jeder Gruppe befinden sich M\u00e4dchen und Jungs im Alter von ca. drei bis sechs Jahren. Die Kindergartenleitung und die Gruppenerzieher entscheiden \u00fcber die Zuordnung der Kinder in eine Gruppe. Folgende Punkte werden dabei ber\u00fccksichtigt: \u00a0\u00a0\u00a0 Zusammensetzung der bestehenden \u201eRestgruppe\u201c (im September) \u00a0\u00a0\u00a0 Anzahl der freien Pl\u00e4tze &hellip; <a href=\"https:\/\/www.kindergarten-lenauweg.de\/?page_id=51\" class=\"more-link\"><span class=\"screen-reader-text\">Gruppen<\/span> weiterlesen <span class=\"meta-nav\">&rarr;<\/span><\/a><\/p>\n","protected":false},"author":1,"featured_media":0,"parent":22,"menu_order":5,"comment_status":"closed","ping_status":"open","template":"","meta":{"footnotes":""},"class_list":["post-51","page","type-page","status-publish","hentry"],"_links":{"self":[{"href":"https:\/\/www.kindergarten-lenauweg.de\/index.php?rest_route=\/wp\/v2\/pages\/51","targetHints":{"allow":["GET"]}}],"collection":[{"href":"https:\/\/www.kindergarten-lenauweg.de\/index.php?rest_route=\/wp\/v2\/pages"}],"about":[{"href":"https:\/\/www.kindergarten-lenauweg.de\/index.php?rest_route=\/wp\/v2\/types\/page"}],"author":[{"embeddable":true,"href":"https:\/\/www.kindergarten-lenauweg.de\/index.php?rest_route=\/wp\/v2\/users\/1"}],"replies":[{"embeddable":true,"href":"https:\/\/www.kindergarten-lenauweg.de\/index.php?rest_route=%2Fwp%2Fv2%2Fcomments&post=51"}],"version-history":[{"count":4,"href":"https:\/\/www.kindergarten-lenauweg.de\/index.php?rest_route=\/wp\/v2\/pages\/51\/revisions"}],"predecessor-version":[{"id":464,"href":"https:\/\/www.kindergarten-lenauweg.de\/index.php?rest_route=\/wp\/v2\/pages\/51\/revisions\/464"}],"up":[{"embeddable":true,"href":"https:\/\/www.kindergarten-lenauweg.de\/index.php?rest_route=\/wp\/v2\/pages\/22"}],"wp:attachment":[{"href":"https:\/\/www.kindergarten-lenauweg.de\/index.php?rest_route=%2Fwp%2Fv2%2Fmedia&parent=51"}],"curies":[{"name":"wp","href":"https:\/\/api.w.org\/{rel}","templated":true}]}}