{"id":49,"date":"2014-05-29T16:54:03","date_gmt":"2014-05-29T14:54:03","guid":{"rendered":"http:\/\/www.kindergarten-lenauweg.de\/?page_id=49"},"modified":"2016-03-02T10:29:35","modified_gmt":"2016-03-02T08:29:35","slug":"aussenanlagen","status":"publish","type":"page","link":"https:\/\/www.kindergarten-lenauweg.de\/?page_id=49","title":{"rendered":"Au\u00dfenanlagen"},"content":{"rendered":"<p>Der Au\u00dfenbereich ist naturnah angelegt mit Kr\u00e4uter- und Blumenbeeten, einem gro\u00dfen Sandbereich mit Rutsche,<\/p>\n<p><a href=\"https:\/\/www.kindergarten-lenauweg.de\/?attachment_id=278\" rel=\"attachment wp-att-278\"><img loading=\"lazy\" decoding=\"async\" class=\"alignnone size-medium wp-image-278\" src=\"https:\/\/www.kindergarten-lenauweg.de\/wp-content\/uploads\/2014\/09\/IMG_1088-300x200.jpg\" alt=\"IMG_1088\" width=\"300\" height=\"200\" srcset=\"https:\/\/www.kindergarten-lenauweg.de\/wp-content\/uploads\/2014\/09\/IMG_1088-300x200.jpg 300w, https:\/\/www.kindergarten-lenauweg.de\/wp-content\/uploads\/2014\/09\/IMG_1088-1024x683.jpg 1024w, https:\/\/www.kindergarten-lenauweg.de\/wp-content\/uploads\/2014\/09\/IMG_1088-449x300.jpg 449w\" sizes=\"auto, (max-width: 300px) 100vw, 300px\" \/><\/a><\/p>\n<p>einer Wiese mit einem Steinkreis als Treffpunkt und einer Gartenhalle.<a href=\"https:\/\/www.kindergarten-lenauweg.de\/?attachment_id=288\" rel=\"attachment wp-att-288\"><img loading=\"lazy\" decoding=\"async\" class=\"alignnone size-medium wp-image-288\" src=\"https:\/\/www.kindergarten-lenauweg.de\/wp-content\/uploads\/2014\/09\/P1040228-300x200.jpg\" alt=\"P1040228\" width=\"300\" height=\"200\" srcset=\"https:\/\/www.kindergarten-lenauweg.de\/wp-content\/uploads\/2014\/09\/P1040228-300x200.jpg 300w, https:\/\/www.kindergarten-lenauweg.de\/wp-content\/uploads\/2014\/09\/P1040228-449x300.jpg 449w, https:\/\/www.kindergarten-lenauweg.de\/wp-content\/uploads\/2014\/09\/P1040228.jpg 1024w\" sizes=\"auto, (max-width: 300px) 100vw, 300px\" \/><\/a><\/p>\n<p>Die kleinen Holzh\u00e4uschen animieren zum Rollenspiel und die H\u00e4ngematte zum gem\u00fctlich-fr\u00f6hlichem Schaukeln mit den Freunden.<br \/>\nF\u00fcr die ausgiebige Besch\u00e4ftigung mit dem nassen Element ist unsere Wasserspielanlage im hinteren Teil des Gartens bestens geeignet.<\/p>\n<p>Zwischen dem Gemeindezentrum und dem Kindergarten liegt ein kleiner Innenhof mit einer Linde im Zentrum. Um den Baum herum l\u00e4sst es sich wunderbar Fangen spielen!<\/p>\n","protected":false},"excerpt":{"rendered":"<p>Der Au\u00dfenbereich ist naturnah angelegt mit Kr\u00e4uter- und Blumenbeeten, einem gro\u00dfen Sandbereich mit Rutsche, einer Wiese mit einem Steinkreis als Treffpunkt und einer Gartenhalle. Die kleinen Holzh\u00e4uschen animieren zum Rollenspiel und die H\u00e4ngematte zum gem\u00fctlich-fr\u00f6hlichem Schaukeln mit den Freunden. F\u00fcr die ausgiebige Besch\u00e4ftigung mit dem nassen Element ist unsere Wasserspielanlage im hinteren Teil des Gartens &hellip; <a href=\"https:\/\/www.kindergarten-lenauweg.de\/?page_id=49\" class=\"more-link\"><span class=\"screen-reader-text\">Au\u00dfenanlagen<\/span> weiterlesen <span class=\"meta-nav\">&rarr;<\/span><\/a><\/p>\n","protected":false},"author":1,"featured_media":0,"parent":22,"menu_order":4,"comment_status":"closed","ping_status":"open","template":"","meta":{"footnotes":""},"class_list":["post-49","page","type-page","status-publish","hentry"],"_links":{"self":[{"href":"https:\/\/www.kindergarten-lenauweg.de\/index.php?rest_route=\/wp\/v2\/pages\/49","targetHints":{"allow":["GET"]}}],"collection":[{"href":"https:\/\/www.kindergarten-lenauweg.de\/index.php?rest_route=\/wp\/v2\/pages"}],"about":[{"href":"https:\/\/www.kindergarten-lenauweg.de\/index.php?rest_route=\/wp\/v2\/types\/page"}],"author":[{"embeddable":true,"href":"https:\/\/www.kindergarten-lenauweg.de\/index.php?rest_route=\/wp\/v2\/users\/1"}],"replies":[{"embeddable":true,"href":"https:\/\/www.kindergarten-lenauweg.de\/index.php?rest_route=%2Fwp%2Fv2%2Fcomments&post=49"}],"version-history":[{"count":4,"href":"https:\/\/www.kindergarten-lenauweg.de\/index.php?rest_route=\/wp\/v2\/pages\/49\/revisions"}],"predecessor-version":[{"id":398,"href":"https:\/\/www.kindergarten-lenauweg.de\/index.php?rest_route=\/wp\/v2\/pages\/49\/revisions\/398"}],"up":[{"embeddable":true,"href":"https:\/\/www.kindergarten-lenauweg.de\/index.php?rest_route=\/wp\/v2\/pages\/22"}],"wp:attachment":[{"href":"https:\/\/www.kindergarten-lenauweg.de\/index.php?rest_route=%2Fwp%2Fv2%2Fmedia&parent=49"}],"curies":[{"name":"wp","href":"https:\/\/api.w.org\/{rel}","templated":true}]}}