{"id":45,"date":"2014-05-29T16:53:37","date_gmt":"2014-05-29T14:53:37","guid":{"rendered":"http:\/\/www.kindergarten-lenauweg.de\/?page_id=45"},"modified":"2023-10-13T13:00:30","modified_gmt":"2023-10-13T11:00:30","slug":"personal","status":"publish","type":"page","link":"https:\/\/www.kindergarten-lenauweg.de\/?page_id=45","title":{"rendered":"Personal"},"content":{"rendered":"Unser Team besteht aus p\u00e4dagogischen Fach- und Erg\u00e4nzungskr\u00e4ften, die entsprechend ihrer Ausbildung, Kompetenzen und Neigungen in den verschiedenen Gruppen eingesetzt sind. Die Anzahl des Betreuungspersonals ist abh\u00e4ngig von den zu betreuenden Kindern.\n\n<hr \/>\n\n<strong>Leitung:<\/strong>\nRebecca Schleier &#8211; p\u00e4dagogische Fachkraft\n\n<hr \/>\n\n<strong>Aktuelle Personalsituation:<\/strong>\n\nRotschw\u00e4nzchengruppe:\n<ul>\n \t<li>1 p\u00e4dagogische Fachkraft (Gruppenleitung)<\/li>\n \t<li>1 p\u00e4dagogische Fachkraft<\/li>\n \t<li>2 p\u00e4dagogische Erg\u00e4nzungskr\u00e4fte<\/li>\n<\/ul>\nBlaumeisengruppe:\n<ul>\n \t<li>1 p\u00e4dagogische Fachkraft (Gruppenleitung)<\/li>\n \t<li>2 p\u00e4dagogische Fachkr\u00e4fte<\/li>\n \t<li>1 p\u00e4dagogische Fachkraft (Heilerziehungspflegerin im Erziehungsdienst)<\/li>\n \t<li>1 Berufspraktikantin<\/li>\n<\/ul>\nSpatzengruppe:\n<ul>\n \t<li>1 p\u00e4dagogische Fachkraft (Gruppenleitung)<\/li>\n \t<li>2 p\u00e4dagogische Erg\u00e4nzungskr\u00e4fte<\/li>\n<\/ul>\nHauswirtschaftliches- Technisches Personal\n<ul>\n \t<li>1 Hauswirtschaftskraft<\/li>\n \t<li>1 Reinigungskraft<\/li>\n \t<li>1 Hausmeister und G\u00e4rtner<\/li>\n<\/ul>\n<!-- \/wp:post-content -->","protected":false},"excerpt":{"rendered":"<p>Unser Team besteht aus p\u00e4dagogischen Fach- und Erg\u00e4nzungskr\u00e4ften, die entsprechend ihrer Ausbildung, Kompetenzen und Neigungen in den verschiedenen Gruppen eingesetzt sind. Die Anzahl des Betreuungspersonals ist abh\u00e4ngig von den zu betreuenden Kindern. Leitung: Rebecca Schleier &#8211; p\u00e4dagogische Fachkraft Aktuelle Personalsituation: Rotschw\u00e4nzchengruppe: 1 p\u00e4dagogische Fachkraft (Gruppenleitung) 1 p\u00e4dagogische Fachkraft 2 p\u00e4dagogische Erg\u00e4nzungskr\u00e4fte Blaumeisengruppe: 1 p\u00e4dagogische Fachkraft &hellip; <a href=\"https:\/\/www.kindergarten-lenauweg.de\/?page_id=45\" class=\"more-link\"><span class=\"screen-reader-text\">Personal<\/span> weiterlesen <span class=\"meta-nav\">&rarr;<\/span><\/a><\/p>\n","protected":false},"author":1,"featured_media":0,"parent":22,"menu_order":2,"comment_status":"closed","ping_status":"open","template":"","meta":{"footnotes":""},"class_list":["post-45","page","type-page","status-publish","hentry"],"_links":{"self":[{"href":"https:\/\/www.kindergarten-lenauweg.de\/index.php?rest_route=\/wp\/v2\/pages\/45","targetHints":{"allow":["GET"]}}],"collection":[{"href":"https:\/\/www.kindergarten-lenauweg.de\/index.php?rest_route=\/wp\/v2\/pages"}],"about":[{"href":"https:\/\/www.kindergarten-lenauweg.de\/index.php?rest_route=\/wp\/v2\/types\/page"}],"author":[{"embeddable":true,"href":"https:\/\/www.kindergarten-lenauweg.de\/index.php?rest_route=\/wp\/v2\/users\/1"}],"replies":[{"embeddable":true,"href":"https:\/\/www.kindergarten-lenauweg.de\/index.php?rest_route=%2Fwp%2Fv2%2Fcomments&post=45"}],"version-history":[{"count":12,"href":"https:\/\/www.kindergarten-lenauweg.de\/index.php?rest_route=\/wp\/v2\/pages\/45\/revisions"}],"predecessor-version":[{"id":1422,"href":"https:\/\/www.kindergarten-lenauweg.de\/index.php?rest_route=\/wp\/v2\/pages\/45\/revisions\/1422"}],"up":[{"embeddable":true,"href":"https:\/\/www.kindergarten-lenauweg.de\/index.php?rest_route=\/wp\/v2\/pages\/22"}],"wp:attachment":[{"href":"https:\/\/www.kindergarten-lenauweg.de\/index.php?rest_route=%2Fwp%2Fv2%2Fmedia&parent=45"}],"curies":[{"name":"wp","href":"https:\/\/api.w.org\/{rel}","templated":true}]}}