{"id":41,"date":"2014-05-29T16:52:35","date_gmt":"2014-05-29T14:52:35","guid":{"rendered":"http:\/\/www.kindergarten-lenauweg.de\/?page_id=41"},"modified":"2014-05-29T17:31:23","modified_gmt":"2014-05-29T15:31:23","slug":"schutzauftrag","status":"publish","type":"page","link":"https:\/\/www.kindergarten-lenauweg.de\/?page_id=41","title":{"rendered":"Schutzauftrag"},"content":{"rendered":"<p>Im Sozialgesetzbuch VIII (Kinder- und Jugendhilfe) \u00a7 8a hat der Gesetzgeber den Schutzauftrag definiert. Hier wird u. a. auch die Verantwortung der Kitas f\u00fcr das Wohl der Kinder betont und der Weg gezeichnet, wie diese Aufgabe m\u00f6glichst im Kontakt mit den Eltern wahrgenommen werden soll. Ziel ist es, den Kontakt mit Eltern auch in Krisensituationen so zu gestalten, dass das Wohl des Kindes im gemeinsamen Mittelpunkt steht.<\/p>\n<p>Umgang mit konkreter Gef\u00e4hrdung des Kindeswohls<br \/>\nAuf der Grundlage des o. g. Gesetzes in Verbindung mit dem Bundeskinderschutzgesetz (BKiSchG) hat die jeweils zust\u00e4ndige Beh\u00f6rde der \u00f6ffentlichen Jugendhilfe (Jugendamt) mit jedem ihrer Kita &#8211; Tr\u00e4ger eine schriftliche \u201eVereinbarung zur Sicherstellung des Schutzauftrages nach \u00a7 8a SGB VIII\u201c abgeschlossen. Demzufolge ist das Fachpersonal von Kindertagesst\u00e4tten dazu verpflichtet, Anhaltspunkte f\u00fcr eine Kindeswohlgef\u00e4hrdung aufmerksam wahrzunehmen und \u2013 unter Hinzuziehung einer erfahrenen Fachkraft \u2013 das Gef\u00e4hrdungsrisiko einzusch\u00e4tzen, z.B. bei k\u00f6rperlicher und seelischer Vernachl\u00e4ssigung, seelischer und\/oder k\u00f6rperlicher Misshandlung, sexueller Gewalt.<br \/>\nDas Fachpersonal wirkt bei den Personensorgeberechtigten darauf hin, dass Ma\u00dfnahmen zur Abwendung des Gef\u00e4hrdungsrisikos in Anspruch genommen werden, wie z. B. Gesundheitshilfen, Beratung, Familienhilfe. Wenn diese Hilfen nicht in Anspruch genommen werden und \/ oder eine akute Gef\u00e4hrdung besteht, ist das Personal zu einer sofortigen Benachrichtigung des Jugendamtes \/ Allgemeinen Sozialdienstes verpflichtet.<\/p>\n<p>Umgang mit einem erh\u00f6hten Entwicklungsrisiko<br \/>\nWenn das p\u00e4dagogische Personal aufgrund seiner Beobachtungen Anzeichen eines erh\u00f6hten Entwicklungsrisikos feststellt (z.B. hinsichtlich einer starken Entwicklungsverz\u00f6gerung oder einer drohenden oder bestehenden Behinderung), ist es verpflichtet, die Eltern dar\u00fcber zu informieren und entsprechend zu beraten.<br \/>\nSo soll mit den Eltern das weitere Vorgehen abgestimmt und er\u00f6rtert werden, ob und welche Fachdienste hinzugezogen werden sollen, mit dem Ziel das Kind \u2013 innerhalb und au\u00dferhalb der KiTa \u2013 entsprechend seinen spezifischen Bed\u00fcrfnissen zu f\u00f6rdern.<\/p>\n","protected":false},"excerpt":{"rendered":"<p>Im Sozialgesetzbuch VIII (Kinder- und Jugendhilfe) \u00a7 8a hat der Gesetzgeber den Schutzauftrag definiert. Hier wird u. a. auch die Verantwortung der Kitas f\u00fcr das Wohl der Kinder betont und der Weg gezeichnet, wie diese Aufgabe m\u00f6glichst im Kontakt mit den Eltern wahrgenommen werden soll. Ziel ist es, den Kontakt mit Eltern auch in Krisensituationen &hellip; <a href=\"https:\/\/www.kindergarten-lenauweg.de\/?page_id=41\" class=\"more-link\"><span class=\"screen-reader-text\">Schutzauftrag<\/span> weiterlesen <span class=\"meta-nav\">&rarr;<\/span><\/a><\/p>\n","protected":false},"author":1,"featured_media":0,"parent":20,"menu_order":2,"comment_status":"closed","ping_status":"open","template":"","meta":{"footnotes":""},"class_list":["post-41","page","type-page","status-publish","hentry"],"_links":{"self":[{"href":"https:\/\/www.kindergarten-lenauweg.de\/index.php?rest_route=\/wp\/v2\/pages\/41","targetHints":{"allow":["GET"]}}],"collection":[{"href":"https:\/\/www.kindergarten-lenauweg.de\/index.php?rest_route=\/wp\/v2\/pages"}],"about":[{"href":"https:\/\/www.kindergarten-lenauweg.de\/index.php?rest_route=\/wp\/v2\/types\/page"}],"author":[{"embeddable":true,"href":"https:\/\/www.kindergarten-lenauweg.de\/index.php?rest_route=\/wp\/v2\/users\/1"}],"replies":[{"embeddable":true,"href":"https:\/\/www.kindergarten-lenauweg.de\/index.php?rest_route=%2Fwp%2Fv2%2Fcomments&post=41"}],"version-history":[{"count":2,"href":"https:\/\/www.kindergarten-lenauweg.de\/index.php?rest_route=\/wp\/v2\/pages\/41\/revisions"}],"predecessor-version":[{"id":88,"href":"https:\/\/www.kindergarten-lenauweg.de\/index.php?rest_route=\/wp\/v2\/pages\/41\/revisions\/88"}],"up":[{"embeddable":true,"href":"https:\/\/www.kindergarten-lenauweg.de\/index.php?rest_route=\/wp\/v2\/pages\/20"}],"wp:attachment":[{"href":"https:\/\/www.kindergarten-lenauweg.de\/index.php?rest_route=%2Fwp%2Fv2%2Fmedia&parent=41"}],"curies":[{"name":"wp","href":"https:\/\/api.w.org\/{rel}","templated":true}]}}