{"id":37,"date":"2014-05-29T16:51:19","date_gmt":"2014-05-29T14:51:19","guid":{"rendered":"http:\/\/www.kindergarten-lenauweg.de\/?page_id=37"},"modified":"2025-10-13T15:53:28","modified_gmt":"2025-10-13T13:53:28","slug":"termine","status":"publish","type":"page","link":"https:\/\/www.kindergarten-lenauweg.de\/?page_id=37","title":{"rendered":"Termine"},"content":{"rendered":"<p>Hier ist die Terminliste f\u00fcr das aktuelle Kindergartenjahr.<\/p>\n<p><a href=\"https:\/\/www.kindergarten-lenauweg.de\/wp-content\/uploads\/2025\/10\/Termine-2025-26.pdf\">Termine 2025-26<\/a><\/p>\n<p>N\u00e4here Informationen zu den einzelnen Veranstaltungen folgen f\u00fcr unsere aktiven Eltern zeitnah \u00fcber die Kindergarten App. \u00c4nderungen vorhehalten!<\/p>\n","protected":false},"excerpt":{"rendered":"<p>Hier ist die Terminliste f\u00fcr das aktuelle Kindergartenjahr. Termine 2025-26 N\u00e4here Informationen zu den einzelnen Veranstaltungen folgen f\u00fcr unsere aktiven Eltern zeitnah \u00fcber die Kindergarten App. \u00c4nderungen vorhehalten!<\/p>\n","protected":false},"author":1,"featured_media":0,"parent":18,"menu_order":0,"comment_status":"closed","ping_status":"open","template":"","meta":{"footnotes":""},"class_list":["post-37","page","type-page","status-publish","hentry"],"_links":{"self":[{"href":"https:\/\/www.kindergarten-lenauweg.de\/index.php?rest_route=\/wp\/v2\/pages\/37","targetHints":{"allow":["GET"]}}],"collection":[{"href":"https:\/\/www.kindergarten-lenauweg.de\/index.php?rest_route=\/wp\/v2\/pages"}],"about":[{"href":"https:\/\/www.kindergarten-lenauweg.de\/index.php?rest_route=\/wp\/v2\/types\/page"}],"author":[{"embeddable":true,"href":"https:\/\/www.kindergarten-lenauweg.de\/index.php?rest_route=\/wp\/v2\/users\/1"}],"replies":[{"embeddable":true,"href":"https:\/\/www.kindergarten-lenauweg.de\/index.php?rest_route=%2Fwp%2Fv2%2Fcomments&post=37"}],"version-history":[{"count":20,"href":"https:\/\/www.kindergarten-lenauweg.de\/index.php?rest_route=\/wp\/v2\/pages\/37\/revisions"}],"predecessor-version":[{"id":1489,"href":"https:\/\/www.kindergarten-lenauweg.de\/index.php?rest_route=\/wp\/v2\/pages\/37\/revisions\/1489"}],"up":[{"embeddable":true,"href":"https:\/\/www.kindergarten-lenauweg.de\/index.php?rest_route=\/wp\/v2\/pages\/18"}],"wp:attachment":[{"href":"https:\/\/www.kindergarten-lenauweg.de\/index.php?rest_route=%2Fwp%2Fv2%2Fmedia&parent=37"}],"curies":[{"name":"wp","href":"https:\/\/api.w.org\/{rel}","templated":true}]}}