{"id":2,"date":"2014-05-29T12:39:58","date_gmt":"2014-05-29T12:39:58","guid":{"rendered":"http:\/\/www.kindergarten-lenauweg.de\/?page_id=2"},"modified":"2023-07-17T11:18:08","modified_gmt":"2023-07-17T09:18:08","slug":"beispiel-seite","status":"publish","type":"page","link":"https:\/\/www.kindergarten-lenauweg.de\/","title":{"rendered":"Startseite"},"content":{"rendered":"\n<h2 class=\"wp-block-heading has-text-color\" style=\"color:#0ba1e1\">Herzlich Willkommen<\/h2>\n\n\n\n<h3 class=\"wp-block-heading has-text-color\" style=\"color:#7cb865\">im Evangelischen Kindergarten Lenauweg<\/h3>\n\n\n<p>Wir m\u00f6chten Sie einladen unsere Einrichtung n\u00e4her kennenzulernen.<\/p>\n<p>Auf unserer Hompage erhalten Sie Informationen \u00fcber unseren Kindergarten und unsere p\u00e4dagogischen Inhalte. \u00dcber unseren Rundgang k\u00f6nnen Sie sich einen kleinen Eindruck verschaffen.<\/p>\n<p>Wir freuen uns, wenn wir Ihr Interesse geweckt haben.<\/p>\n<p><a href=\"https:\/\/www.kindergarten-lenauweg.de\/?attachment_id=288\" rel=\"attachment wp-att-288\"><img loading=\"lazy\" decoding=\"async\" class=\" wp-image-288 aligncenter\" src=\"https:\/\/www.kindergarten-lenauweg.de\/wp-content\/uploads\/2014\/09\/P1040228-300x200.jpg\" alt=\"\" width=\"505\" height=\"336\" srcset=\"https:\/\/www.kindergarten-lenauweg.de\/wp-content\/uploads\/2014\/09\/P1040228-300x200.jpg 300w, https:\/\/www.kindergarten-lenauweg.de\/wp-content\/uploads\/2014\/09\/P1040228-449x300.jpg 449w, https:\/\/www.kindergarten-lenauweg.de\/wp-content\/uploads\/2014\/09\/P1040228.jpg 1024w\" sizes=\"auto, (max-width: 505px) 100vw, 505px\" \/><\/a><\/p>\n\n\n<p>&nbsp;<\/p>\n","protected":false},"excerpt":{"rendered":"<p>Herzlich Willkommen im Evangelischen Kindergarten Lenauweg Wir m\u00f6chten Sie einladen unsere Einrichtung n\u00e4her kennenzulernen. Auf unserer Hompage erhalten Sie Informationen \u00fcber unseren Kindergarten und unsere p\u00e4dagogischen Inhalte. \u00dcber unseren Rundgang k\u00f6nnen Sie sich einen kleinen Eindruck verschaffen. Wir freuen uns, wenn wir Ihr Interesse geweckt haben. &nbsp;<\/p>\n","protected":false},"author":1,"featured_media":0,"parent":0,"menu_order":0,"comment_status":"open","ping_status":"open","template":"","meta":{"footnotes":""},"class_list":["post-2","page","type-page","status-publish","hentry"],"_links":{"self":[{"href":"https:\/\/www.kindergarten-lenauweg.de\/index.php?rest_route=\/wp\/v2\/pages\/2","targetHints":{"allow":["GET"]}}],"collection":[{"href":"https:\/\/www.kindergarten-lenauweg.de\/index.php?rest_route=\/wp\/v2\/pages"}],"about":[{"href":"https:\/\/www.kindergarten-lenauweg.de\/index.php?rest_route=\/wp\/v2\/types\/page"}],"author":[{"embeddable":true,"href":"https:\/\/www.kindergarten-lenauweg.de\/index.php?rest_route=\/wp\/v2\/users\/1"}],"replies":[{"embeddable":true,"href":"https:\/\/www.kindergarten-lenauweg.de\/index.php?rest_route=%2Fwp%2Fv2%2Fcomments&post=2"}],"version-history":[{"count":20,"href":"https:\/\/www.kindergarten-lenauweg.de\/index.php?rest_route=\/wp\/v2\/pages\/2\/revisions"}],"predecessor-version":[{"id":1397,"href":"https:\/\/www.kindergarten-lenauweg.de\/index.php?rest_route=\/wp\/v2\/pages\/2\/revisions\/1397"}],"wp:attachment":[{"href":"https:\/\/www.kindergarten-lenauweg.de\/index.php?rest_route=%2Fwp%2Fv2%2Fmedia&parent=2"}],"curies":[{"name":"wp","href":"https:\/\/api.w.org\/{rel}","templated":true}]}}