{"id":176,"date":"2014-06-14T11:38:55","date_gmt":"2014-06-14T09:38:55","guid":{"rendered":"http:\/\/www.kindergarten-lenauweg.de\/?page_id=176"},"modified":"2020-02-25T11:29:13","modified_gmt":"2020-02-25T09:29:13","slug":"stadtgrabenfest","status":"publish","type":"page","link":"https:\/\/www.kindergarten-lenauweg.de\/?page_id=176","title":{"rendered":"Stadtgrabenfest"},"content":{"rendered":"<div>Der F\u00f6rderverein beteiligt sich jedes Jahr Mitte Juli am Kinder-Stadtgrabenfest mit einem Kaffee- und Kuchenverkauf. Der komplette Erl\u00f6s dieses Verkaufs flie\u00dft nat\u00fcrlich in Anschaffungen f\u00fcr die Kinder des Kindergartens (so k\u00f6nnen unter anderem Dank der Stadtgrabenfeste die Theaterbesuche der Kindergartenkinder nach Dinkelsb\u00fchl zum gro\u00dfen Teil finanziert werden). F\u00fcr eine gelungene Veranstaltung ben\u00f6tigen wir immer die Unterst\u00fctzung der Eltern durch Hilfe am Fest selbst oder Kuchenspenden.<\/div>\n<div><\/div>\n<div><img loading=\"lazy\" decoding=\"async\" class=\"aligncenter wp-image-251 size-large\" src=\"https:\/\/www.kindergarten-lenauweg.de\/wp-content\/uploads\/2014\/06\/IMG_1115-1024x682.jpg\" alt=\"IMG_1115\" width=\"584\" height=\"388\" srcset=\"https:\/\/www.kindergarten-lenauweg.de\/wp-content\/uploads\/2014\/06\/IMG_1115-1024x682.jpg 1024w, https:\/\/www.kindergarten-lenauweg.de\/wp-content\/uploads\/2014\/06\/IMG_1115-300x199.jpg 300w, https:\/\/www.kindergarten-lenauweg.de\/wp-content\/uploads\/2014\/06\/IMG_1115-450x300.jpg 450w\" sizes=\"auto, (max-width: 584px) 100vw, 584px\" \/><\/div>\n","protected":false},"excerpt":{"rendered":"<p>Der F\u00f6rderverein beteiligt sich jedes Jahr Mitte Juli am Kinder-Stadtgrabenfest mit einem Kaffee- und Kuchenverkauf. Der komplette Erl\u00f6s dieses Verkaufs flie\u00dft nat\u00fcrlich in Anschaffungen f\u00fcr die Kinder des Kindergartens (so k\u00f6nnen unter anderem Dank der Stadtgrabenfeste die Theaterbesuche der Kindergartenkinder nach Dinkelsb\u00fchl zum gro\u00dfen Teil finanziert werden). F\u00fcr eine gelungene Veranstaltung ben\u00f6tigen wir immer die &hellip; <a href=\"https:\/\/www.kindergarten-lenauweg.de\/?page_id=176\" class=\"more-link\"><span class=\"screen-reader-text\">Stadtgrabenfest<\/span> weiterlesen <span class=\"meta-nav\">&rarr;<\/span><\/a><\/p>\n","protected":false},"author":1,"featured_media":0,"parent":30,"menu_order":3,"comment_status":"closed","ping_status":"open","template":"","meta":{"footnotes":""},"class_list":["post-176","page","type-page","status-publish","hentry"],"_links":{"self":[{"href":"https:\/\/www.kindergarten-lenauweg.de\/index.php?rest_route=\/wp\/v2\/pages\/176","targetHints":{"allow":["GET"]}}],"collection":[{"href":"https:\/\/www.kindergarten-lenauweg.de\/index.php?rest_route=\/wp\/v2\/pages"}],"about":[{"href":"https:\/\/www.kindergarten-lenauweg.de\/index.php?rest_route=\/wp\/v2\/types\/page"}],"author":[{"embeddable":true,"href":"https:\/\/www.kindergarten-lenauweg.de\/index.php?rest_route=\/wp\/v2\/users\/1"}],"replies":[{"embeddable":true,"href":"https:\/\/www.kindergarten-lenauweg.de\/index.php?rest_route=%2Fwp%2Fv2%2Fcomments&post=176"}],"version-history":[{"count":7,"href":"https:\/\/www.kindergarten-lenauweg.de\/index.php?rest_route=\/wp\/v2\/pages\/176\/revisions"}],"predecessor-version":[{"id":617,"href":"https:\/\/www.kindergarten-lenauweg.de\/index.php?rest_route=\/wp\/v2\/pages\/176\/revisions\/617"}],"up":[{"embeddable":true,"href":"https:\/\/www.kindergarten-lenauweg.de\/index.php?rest_route=\/wp\/v2\/pages\/30"}],"wp:attachment":[{"href":"https:\/\/www.kindergarten-lenauweg.de\/index.php?rest_route=%2Fwp%2Fv2%2Fmedia&parent=176"}],"curies":[{"name":"wp","href":"https:\/\/api.w.org\/{rel}","templated":true}]}}