{"id":123,"date":"2014-05-29T21:31:04","date_gmt":"2014-05-29T19:31:04","guid":{"rendered":"http:\/\/www.kindergarten-lenauweg.de\/?page_id=123"},"modified":"2024-08-06T15:03:46","modified_gmt":"2024-08-06T13:03:46","slug":"basare","status":"publish","type":"page","link":"https:\/\/www.kindergarten-lenauweg.de\/?page_id=123","title":{"rendered":"Basare"},"content":{"rendered":"<p>Der F\u00f6rderverein f\u00fchrt zwei Mal im Jahr einen Kleiderbasar im Gemeindezentrum Lenauweg durch. Hierbei werden wir tatkr\u00e4ftig von den Erzieherinnen, Kiga-Eltern, ehemaligen Eltern und anderen Freunden des Kindergartens unterst\u00fctzt. Da es immer etwas zu tun gibt, freuen wir uns nat\u00fcrlich auch \u00fcber Ihre Hilfe. Wenn Sie Lust und Zeit haben, eine Helferschicht am Basar zu \u00fcbernehmen, sprechen Sie uns an. Ein paar lustige Stunden und nette Kontakte sind versprochen \ud83d\ude09<\/p>\n<ul>\n<li>Gebrauchte Baby- und Kinderbekleidung<\/li>\n<li>Spielwaren<\/li>\n<li>Fahrr\u00e4der<\/li>\n<li>Autositze<\/li>\n<li>Umstandskleidung u.v.m.<\/li>\n<\/ul>\n<p>Wer etwas verkaufen m\u00f6chte, kann im Juli f\u00fcr den Herbst-\/Winterbasar und im Januar f\u00fcr den Fr\u00fchjahr-\/Sommerbasar Verkaufslisten f\u00fcr 1 Euro pro St\u00fcck erwerben. Die Termine werden rechtzeitig ausgeh\u00e4ngt und hier bekannt gegeben.<\/p>\n<p><strong>&nbsp;<\/strong><\/p>\n<p><em>&nbsp;<\/em><\/p>\n<p><strong>Nach dem Basar<\/strong><br \/>\nNicht verkaufte Artikel und der Erl\u00f6s k\u00f6nnen jeweils am Samstag nach dem Basar im Gemeindezentrum von 16.00 \u2013 16.30 Uhr abgeholt werden. Nicht abgeholte Artikel werden einem wohlt\u00e4tigen Zweck (evangelischer Frauenbund, Rum\u00e4nien- und Polenhilfe) zugef\u00fchrt.<br \/>\nF\u00fcr Diebstahl oder sonstiges Abhandenkommen der zu verkaufenden Artikel wird keine Haftung \u00fcbernommen.<\/p>\n<p><img loading=\"lazy\" decoding=\"async\" class=\"aligncenter wp-image-170 size-large\" src=\"https:\/\/www.kindergarten-lenauweg.de\/wp-content\/uploads\/2014\/05\/39-1024x682.jpg\" alt=\"39\" width=\"584\" height=\"388\" srcset=\"https:\/\/www.kindergarten-lenauweg.de\/wp-content\/uploads\/2014\/05\/39-1024x682.jpg 1024w, https:\/\/www.kindergarten-lenauweg.de\/wp-content\/uploads\/2014\/05\/39-300x200.jpg 300w\" sizes=\"auto, (max-width: 584px) 100vw, 584px\" \/><\/p>\n\n<div class=\"wp-block-image\">\n<figure class=\"aligncenter size-full\"><a href=\"https:\/\/www.kindergarten-lenauweg.de\/?page_id=1247\"><img decoding=\"async\" src=\"https:\/\/www.kindergarten-lenauweg.de\/wp-content\/uploads\/2024\/08\/20241013_basar_flyer.jpg\" alt=\"\" class=\"wp-image-1318\"\/><\/a><\/figure>\n<\/div>","protected":false},"excerpt":{"rendered":"<p>Der F\u00f6rderverein f\u00fchrt zwei Mal im Jahr einen Kleiderbasar im Gemeindezentrum Lenauweg durch. Hierbei werden wir tatkr\u00e4ftig von den Erzieherinnen, Kiga-Eltern, ehemaligen Eltern und anderen Freunden des Kindergartens unterst\u00fctzt. Da es immer etwas zu tun gibt, freuen wir uns nat\u00fcrlich auch \u00fcber Ihre Hilfe. Wenn Sie Lust und Zeit haben, eine Helferschicht am Basar zu &hellip; <a href=\"https:\/\/www.kindergarten-lenauweg.de\/?page_id=123\" class=\"more-link\"><span class=\"screen-reader-text\">Basare<\/span> weiterlesen <span class=\"meta-nav\">&rarr;<\/span><\/a><\/p>\n","protected":false},"author":1,"featured_media":0,"parent":30,"menu_order":2,"comment_status":"closed","ping_status":"open","template":"","meta":{"footnotes":""},"class_list":["post-123","page","type-page","status-publish","hentry"],"_links":{"self":[{"href":"https:\/\/www.kindergarten-lenauweg.de\/index.php?rest_route=\/wp\/v2\/pages\/123","targetHints":{"allow":["GET"]}}],"collection":[{"href":"https:\/\/www.kindergarten-lenauweg.de\/index.php?rest_route=\/wp\/v2\/pages"}],"about":[{"href":"https:\/\/www.kindergarten-lenauweg.de\/index.php?rest_route=\/wp\/v2\/types\/page"}],"author":[{"embeddable":true,"href":"https:\/\/www.kindergarten-lenauweg.de\/index.php?rest_route=\/wp\/v2\/users\/1"}],"replies":[{"embeddable":true,"href":"https:\/\/www.kindergarten-lenauweg.de\/index.php?rest_route=%2Fwp%2Fv2%2Fcomments&post=123"}],"version-history":[{"count":18,"href":"https:\/\/www.kindergarten-lenauweg.de\/index.php?rest_route=\/wp\/v2\/pages\/123\/revisions"}],"predecessor-version":[{"id":1473,"href":"https:\/\/www.kindergarten-lenauweg.de\/index.php?rest_route=\/wp\/v2\/pages\/123\/revisions\/1473"}],"up":[{"embeddable":true,"href":"https:\/\/www.kindergarten-lenauweg.de\/index.php?rest_route=\/wp\/v2\/pages\/30"}],"wp:attachment":[{"href":"https:\/\/www.kindergarten-lenauweg.de\/index.php?rest_route=%2Fwp%2Fv2%2Fmedia&parent=123"}],"curies":[{"name":"wp","href":"https:\/\/api.w.org\/{rel}","templated":true}]}}